{"id":17507,"date":"2023-06-20T14:08:44","date_gmt":"2023-06-20T14:08:44","guid":{"rendered":"https:\/\/alliance4universities.eu\/?page_id=17507"},"modified":"2023-09-15T09:25:18","modified_gmt":"2023-09-15T09:25:18","slug":"extension-of-mobility-form-for-staff-selected-in-the-1st-round","status":"publish","type":"page","link":"https:\/\/alliance4universities.eu\/en\/extension-of-mobility-form-for-staff-selected-in-the-1st-round\/","title":{"rendered":"Extension of mobility form for staff selected in the 1st round"},"content":{"rendered":"<div id='av_section_1'  class='avia-section av-1cxyl5v-50fface6a3ad24df37ef851a1abbd53c main_color avia-section-large avia-no-border-styling  avia-builder-el-0  avia-builder-el-no-sibling  avia-bg-style-scroll container_wrap fullsize'  ><div class='container av-section-cont-open' ><main  role=\"main\" itemprop=\"mainContentOfPage\"  class='template-page content  av-content-full alpha units'><div class='post-entry post-entry-type-page post-entry-17507'><div class='entry-content-wrapper clearfix'>\n\n<style type=\"text\/css\" data-created_by=\"avia_inline_auto\" id=\"style-css-av-k9zybn-530353bea30c36b7ca947fc329e5aa3e\">\n.flex_column.av-k9zybn-530353bea30c36b7ca947fc329e5aa3e{\nborder-radius:0px 0px 0px 0px;\npadding:0px 0px 0px 0px;\n}\n<\/style>\n<div  class='flex_column av-k9zybn-530353bea30c36b7ca947fc329e5aa3e av_one_full  avia-builder-el-1  avia-builder-el-no-sibling  first flex_column_div av-zero-column-padding  '     ><section  class='av_textblock_section av-lj4cujim-f2294dcfe4782461ce8bd7c1292749d2 '   itemscope=\"itemscope\" itemtype=\"https:\/\/schema.org\/CreativeWork\" ><div class='avia_textblock'  itemprop=\"text\" ><div class=\"wpforms-container wpforms-container-full\" id=\"wpforms-17458\"><form id=\"wpforms-form-17458\" class=\"wpforms-validate wpforms-form wpforms-ajax-form\" data-formid=\"17458\" method=\"post\" enctype=\"multipart\/form-data\" action=\"\/en\/wp-json\/wp\/v2\/pages\/17507?wpforms_form_id=17458\" data-token=\"6ce06c26e838ca6983f7023be2e385e3\"><noscript class=\"wpforms-error-noscript\">Please enable JavaScript in your browser to complete this form.<\/noscript><div class=\"wpforms-field-container\"><div id=\"wpforms-17458-field_13-container\" class=\"wpforms-field wpforms-field-divider\" data-field-id=\"13\"><h3 id=\"wpforms-17458-field_13\" name=\"wpforms[fields][13]\">Personal Details<\/h3><\/div><div id=\"wpforms-17458-field_2-container\" class=\"wpforms-field wpforms-field-text wpforms-one-half wpforms-first\" data-field-id=\"2\"><label class=\"wpforms-field-label\" for=\"wpforms-17458-field_2\">First name<\/label><input type=\"text\" id=\"wpforms-17458-field_2\" class=\"wpforms-field-large\" name=\"wpforms[fields][2]\" placeholder=\"Your first name\" ><\/div><div id=\"wpforms-17458-field_3-container\" class=\"wpforms-field wpforms-field-text wpforms-one-half\" data-field-id=\"3\"><label class=\"wpforms-field-label\" for=\"wpforms-17458-field_3\">Last name<\/label><input type=\"text\" id=\"wpforms-17458-field_3\" class=\"wpforms-field-large\" name=\"wpforms[fields][3]\" placeholder=\"Your last name\" ><\/div><div id=\"wpforms-17458-field_4-container\" class=\"wpforms-field wpforms-field-text wpforms-one-half wpforms-first\" data-field-id=\"4\"><label class=\"wpforms-field-label\" for=\"wpforms-17458-field_4\">DNI-NIE<\/label><input type=\"text\" id=\"wpforms-17458-field_4\" class=\"wpforms-field-large\" name=\"wpforms[fields][4]\" placeholder=\"Your document\" ><div class=\"wpforms-field-description\">(for applicants from Spain) or passport number (for applicants from other countries)<\/div><\/div><div id=\"wpforms-17458-field_33-container\" class=\"wpforms-field wpforms-field-select wpforms-one-half wpforms-first wpforms-field-select-style-classic\" data-field-id=\"33\"><label class=\"wpforms-field-label\" for=\"wpforms-17458-field_33\">Sending Institution<\/label><select id=\"wpforms-17458-field_33\" class=\"wpforms-field-large\" name=\"wpforms[fields][33]\"><option value=\"Universidad Aut\u00f3noma de Madrid\" >Universidad Aut\u00f3noma de Madrid<\/option><option value=\"Universidad Carlos III de Madrid\" >Universidad Carlos III de Madrid<\/option><option value=\"Universitat Aut\u00f2noma de Barcelona\" >Universitat Aut\u00f2noma de Barcelona<\/option><option value=\"Universitat Pompeu Fabra\" >Universitat Pompeu Fabra<\/option><option value=\"University of Botswana\" >University of Botswana<\/option><option value=\"Botswana International University of Science and Technology\" >Botswana International University of Science and Technology<\/option><option value=\"University of Namibia\" >University of Namibia<\/option><option value=\"Namibia University of Science and Technology\" >Namibia University of Science and Technology<\/option><option value=\"University of Pretoria\" >University of Pretoria<\/option><option value=\"University of the Witwatersrand\" >University of the Witwatersrand<\/option><option value=\"Stellenbosch University\" >Stellenbosch University<\/option><option value=\"University of Cape Town\" >University of Cape Town<\/option><option value=\"University of Western Cape\" >University of Western Cape<\/option><option value=\"University of the Free State\" >University of the Free State<\/option><option value=\"University of Nairobi\" >University of Nairobi<\/option><option value=\"Kenyatta University\" >Kenyatta University<\/option><option value=\"Addis Ababa University\" >Addis Ababa University<\/option><option value=\"Wolaita Sodo University\" >Wolaita Sodo University<\/option><option value=\"\u00c9cole Nationale Sup\u00e9rieure de Statistique et d&#039;Economie Appliqu\u00e9e (ENSEA)\" >\u00c9cole Nationale Sup\u00e9rieure de Statistique et d&#039;Economie Appliqu\u00e9e (ENSEA)<\/option><option value=\"University of Tehran\" >University of Tehran<\/option><option value=\"Allameh Tabataba&#039;i University\" >Allameh Tabataba&#039;i University<\/option><option value=\"Amirkabir University of Technology\" >Amirkabir University of Technology<\/option><option value=\"Isfahan University of Technology\" >Isfahan University of Technology<\/option><\/select><\/div><div id=\"wpforms-17458-field_34-container\" class=\"wpforms-field wpforms-field-text wpforms-one-half\" data-field-id=\"34\"><label class=\"wpforms-field-label\" for=\"wpforms-17458-field_34\">Faculty and\/or Department<\/label><input type=\"text\" id=\"wpforms-17458-field_34\" class=\"wpforms-field-large\" name=\"wpforms[fields][34]\" placeholder=\"Sending Faculty and\/or Department\" ><\/div><div id=\"wpforms-17458-field_35-container\" class=\"wpforms-field wpforms-field-select wpforms-one-half wpforms-first wpforms-field-select-style-classic\" data-field-id=\"35\"><label class=\"wpforms-field-label\" for=\"wpforms-17458-field_35\">Receiving Institution<\/label><select id=\"wpforms-17458-field_35\" class=\"wpforms-field-large\" name=\"wpforms[fields][35]\"><option value=\"Universidad Aut\u00f3noma de Madrid\" >Universidad Aut\u00f3noma de Madrid<\/option><option value=\"Universidad Carlos III de Madrid\" >Universidad Carlos III de Madrid<\/option><option value=\"Universitat Aut\u00f2noma de Barcelona\" >Universitat Aut\u00f2noma de Barcelona<\/option><option value=\"Universitat Pompeu Fabra\" >Universitat Pompeu Fabra<\/option><option value=\"University of Botswana\" >University of Botswana<\/option><option value=\"Botswana International University of Science and Technology\" >Botswana International University of Science and Technology<\/option><option value=\"University of Namibia\" >University of Namibia<\/option><option value=\"Namibia University of Science and Technology\" >Namibia University of Science and Technology<\/option><option value=\"University of Pretoria\" >University of Pretoria<\/option><option value=\"University of the Witwatersrand\" >University of the Witwatersrand<\/option><option value=\"Stellenbosch University\" >Stellenbosch University<\/option><option value=\"University of Cape Town\" >University of Cape Town<\/option><option value=\"University of Western Cape\" >University of Western Cape<\/option><option value=\"University of the Free State\" >University of the Free State<\/option><option value=\"University of Nairobi\" >University of Nairobi<\/option><option value=\"Kenyatta University\" >Kenyatta University<\/option><option value=\"Addis Ababa University\" >Addis Ababa University<\/option><option value=\"Wolaita Sodo University\" >Wolaita Sodo University<\/option><option value=\"Ecole Nationale Superieure de Statistique et d&#039;Economie Appliqu\u00e9e\" >Ecole Nationale Superieure de Statistique et d&#039;Economie Appliqu\u00e9e<\/option><\/select><\/div><div id=\"wpforms-17458-field_36-container\" class=\"wpforms-field wpforms-field-text wpforms-one-half\" data-field-id=\"36\"><label class=\"wpforms-field-label\" for=\"wpforms-17458-field_36\">Receiving Faculty and\/or Department<\/label><input type=\"text\" id=\"wpforms-17458-field_36\" class=\"wpforms-field-large\" name=\"wpforms[fields][36]\" placeholder=\"Faculty and\/or Department\" ><\/div><div id=\"wpforms-17458-field_39-container\" class=\"wpforms-field wpforms-field-divider\" data-field-id=\"39\"><h3 id=\"wpforms-17458-field_39\" name=\"wpforms[fields][39]\">Documents to attach<\/h3><\/div><div id=\"wpforms-17458-field_40-container\" class=\"wpforms-field wpforms-field-file-upload wpforms-one-half wpforms-first\" data-field-id=\"40\"><label class=\"wpforms-field-label\" for=\"wpforms-17458-field_40\">Mobility Agreement for a 2-week stay<\/label><div\r\n\t\tclass=\"wpforms-uploader\"\r\n\t\tdata-field-id=\"40\"\r\n\t\tdata-form-id=\"17458\"\r\n\t\tdata-input-name=\"wpforms_17458_40\"\r\n\t\tdata-extensions=\"jpg,jpeg,jpe,gif,png,bmp,tiff,tif,webp,avif,ico,heic,heif,heics,heifs,asf,asx,wmv,wmx,wm,avi,divx,mov,qt,mpeg,mpg,mpe,mp4,m4v,ogv,webm,mkv,3gp,3gpp,3g2,3gp2,txt,asc,c,cc,h,srt,csv,tsv,ics,rtx,css,vtt,mp3,m4a,m4b,aac,ra,ram,wav,x-wav,ogg,oga,flac,mid,midi,wma,wax,mka,rtf,pdf,class,tar,zip,gz,gzip,rar,7z,psd,xcf,doc,pot,pps,ppt,wri,xla,xls,xlt,xlw,mpp,docx,docm,dotx,dotm,xlsx,xlsm,xlsb,xltx,xltm,xlam,pptx,pptm,ppsx,ppsm,potx,potm,ppam,sldx,sldm,onetoc,onetoc2,onepkg,oxps,xps,odt,odp,ods,odg,odc,odb,odf,wp,wpd,key,numbers,pages,txt,mp4\"\r\n\t\tdata-max-size=\"67108864\"\r\n\t\tdata-max-file-number=\"1\"\r\n\t\tdata-post-max-size=\"67108864\"\r\n\t\tdata-max-parallel-uploads=\"4\"\r\n\t\tdata-parallel-uploads=\"true\"\r\n\t\tdata-file-chunk-size=\"2097152\">\r\n\t<div class=\"dz-message\">\r\n\t\t<svg viewBox=\"0 0 1024 1024\" focusable=\"false\" data-icon=\"inbox\" width=\"50px\" height=\"50px\" fill=\"currentColor\" aria-hidden=\"true\">\r\n\t\t\t<path d=\"M885.2 446.3l-.2-.8-112.2-285.1c-5-16.1-19.9-27.2-36.8-27.2H281.2c-17 0-32.1 11.3-36.9 27.6L139.4 443l-.3.7-.2.8c-1.3 4.9-1.7 9.9-1 14.8-.1 1.6-.2 3.2-.2 4.8V830a60.9 60.9 0 0 0 60.8 60.8h627.2c33.5 0 60.8-27.3 60.9-60.8V464.1c0-1.3 0-2.6-.1-3.7.4-4.9 0-9.6-1.3-14.1zm-295.8-43l-.3 15.7c-.8 44.9-31.8 75.1-77.1 75.1-22.1 0-41.1-7.1-54.8-20.6S436 441.2 435.6 419l-.3-15.7H229.5L309 210h399.2l81.7 193.3H589.4zm-375 76.8h157.3c24.3 57.1 76 90.8 140.4 90.8 33.7 0 65-9.4 90.3-27.2 22.2-15.6 39.5-37.4 50.7-63.6h156.5V814H214.4V480.1z\"><\/path>\r\n\t\t<\/svg>\r\n\t\t<span class=\"modern-title\">Click or drag a file to this area to upload.<\/span>\r\n\r\n\t\t\t<\/div>\r\n<\/div>\r\n<input\r\n\t\ttype=\"text\"\r\n\t\tautocomplete=\"off\"\r\n\t\tclass=\"dropzone-input\"\r\n\t\tstyle=\"position:absolute!important;clip:rect(0,0,0,0)!important;height:1px!important;width:1px!important;border:0!important;overflow:hidden!important;padding:0!important;margin:0!important;\"\r\n\t\tid=\"wpforms-17458-field_40\"\r\n\t\tname=\"wpforms_17458_40\" \t\tvalue=\"\">\r\n<\/div><div id=\"wpforms-17458-field_6-container\" class=\"wpforms-field wpforms-field-html\" data-field-id=\"6\"><div id=\"wpforms-17458-field_6\"><\/div><\/div><div id=\"wpforms-17458-field_52-container\" class=\"wpforms-field wpforms-field-checkbox\" data-field-id=\"52\"><label class=\"wpforms-field-label\" for=\"wpforms-17458-field_52\">Privacy statement <span class=\"wpforms-required-label\">*<\/span><\/label><ul id=\"wpforms-17458-field_52\" class=\"wpforms-field-required\"><li class=\"choice-1 depth-1\"><input type=\"checkbox\" id=\"wpforms-17458-field_52_1\" name=\"wpforms[fields][52][]\" value=\"Checked\" required ><label class=\"wpforms-field-label-inline\" for=\"wpforms-17458-field_52_1\"><\/label><\/li><\/ul><div class=\"wpforms-field-description\">I agree for my personal data to be transferred to ASOCIACI\u00d3N ALIANZA 4 UNIVERSIDADES C\/Madrid, 126, Getafe, Espa\u00f1a, CIF G85674653, for the purpose of processing applications for and managing Erasmus+ International Credit mobility grants.<\/div><\/div><\/div><!-- .wpforms-field-container --><div class=\"wpforms-submit-container\" ><input type=\"hidden\" name=\"wpforms[id]\" value=\"17458\"><input type=\"hidden\" name=\"wpforms[author]\" value=\"3\"><button type=\"submit\" name=\"wpforms[submit]\" id=\"wpforms-submit-17458\" class=\"wpforms-submit\" data-alt-text=\"Sending...\" data-submit-text=\"Submit\" aria-live=\"assertive\" value=\"wpforms-submit\">Submit<\/button><img loading=\"lazy\" decoding=\"async\" src=\"https:\/\/alliance4universities.eu\/wp-content\/plugins\/wpforms\/assets\/images\/submit-spin.svg\" class=\"wpforms-submit-spinner\" style=\"display: none;\" width=\"26\" height=\"26\" alt=\"Loading\"><\/div><\/form><\/div>  <!-- .wpforms-container -->\n<\/div><\/section><\/div>\n","protected":false},"excerpt":{"rendered":"","protected":false},"author":3,"featured_media":0,"parent":0,"menu_order":0,"comment_status":"closed","ping_status":"closed","template":"","meta":{"footnotes":""},"class_list":["post-17507","page","type-page","status-publish","hentry"],"yoast_head":"<!-- This site is optimized with the Yoast SEO plugin v26.1.1 - https:\/\/yoast.com\/wordpress\/plugins\/seo\/ -->\n<title>Extension of mobility form for staff selected in the 1st round - Alliance4universities %<\/title>\n<meta name=\"robots\" content=\"index, follow, max-snippet:-1, max-image-preview:large, max-video-preview:-1\" \/>\n<link rel=\"canonical\" href=\"https:\/\/alliance4universities.eu\/en\/extension-of-mobility-form-for-staff-selected-in-the-1st-round\/\" \/>\n<meta property=\"og:locale\" content=\"en_US\" \/>\n<meta property=\"og:type\" content=\"article\" \/>\n<meta property=\"og:title\" content=\"Extension of mobility form for staff selected in the 1st round - Alliance4universities %\" \/>\n<meta property=\"og:url\" content=\"https:\/\/alliance4universities.eu\/en\/extension-of-mobility-form-for-staff-selected-in-the-1st-round\/\" \/>\n<meta property=\"og:site_name\" content=\"Alliance4universities\" \/>\n<meta property=\"article:modified_time\" content=\"2023-09-15T09:25:18+00:00\" \/>\n<meta name=\"twitter:card\" content=\"summary_large_image\" \/>\n<meta name=\"twitter:label1\" content=\"Est. reading time\" \/>\n\t<meta name=\"twitter:data1\" content=\"1 minute\" \/>\n<script type=\"application\/ld+json\" class=\"yoast-schema-graph\">{\"@context\":\"https:\/\/schema.org\",\"@graph\":[{\"@type\":\"WebPage\",\"@id\":\"https:\/\/alliance4universities.eu\/en\/extension-of-mobility-form-for-staff-selected-in-the-1st-round\/\",\"url\":\"https:\/\/alliance4universities.eu\/en\/extension-of-mobility-form-for-staff-selected-in-the-1st-round\/\",\"name\":\"Extension of mobility form for staff selected in the 1st round - Alliance4universities %\",\"isPartOf\":{\"@id\":\"https:\/\/alliance4universities.eu\/#website\"},\"datePublished\":\"2023-06-20T14:08:44+00:00\",\"dateModified\":\"2023-09-15T09:25:18+00:00\",\"breadcrumb\":{\"@id\":\"https:\/\/alliance4universities.eu\/en\/extension-of-mobility-form-for-staff-selected-in-the-1st-round\/#breadcrumb\"},\"inLanguage\":\"en-US\",\"potentialAction\":[{\"@type\":\"ReadAction\",\"target\":[\"https:\/\/alliance4universities.eu\/en\/extension-of-mobility-form-for-staff-selected-in-the-1st-round\/\"]}]},{\"@type\":\"BreadcrumbList\",\"@id\":\"https:\/\/alliance4universities.eu\/en\/extension-of-mobility-form-for-staff-selected-in-the-1st-round\/#breadcrumb\",\"itemListElement\":[{\"@type\":\"ListItem\",\"position\":1,\"name\":\"Portada\",\"item\":\"https:\/\/alliance4universities.eu\/en\/\"},{\"@type\":\"ListItem\",\"position\":2,\"name\":\"Extension of mobility form for staff selected in the 1st round\"}]},{\"@type\":\"WebSite\",\"@id\":\"https:\/\/alliance4universities.eu\/#website\",\"url\":\"https:\/\/alliance4universities.eu\/\",\"name\":\"Alliance4universities\",\"description\":\"Alianza 4 universidades\",\"potentialAction\":[{\"@type\":\"SearchAction\",\"target\":{\"@type\":\"EntryPoint\",\"urlTemplate\":\"https:\/\/alliance4universities.eu\/?s={search_term_string}\"},\"query-input\":{\"@type\":\"PropertyValueSpecification\",\"valueRequired\":true,\"valueName\":\"search_term_string\"}}],\"inLanguage\":\"en-US\"}]}<\/script>\n<!-- \/ Yoast SEO plugin. -->","yoast_head_json":{"title":"Extension of mobility form for staff selected in the 1st round - Alliance4universities %","robots":{"index":"index","follow":"follow","max-snippet":"max-snippet:-1","max-image-preview":"max-image-preview:large","max-video-preview":"max-video-preview:-1"},"canonical":"https:\/\/alliance4universities.eu\/en\/extension-of-mobility-form-for-staff-selected-in-the-1st-round\/","og_locale":"en_US","og_type":"article","og_title":"Extension of mobility form for staff selected in the 1st round - Alliance4universities %","og_url":"https:\/\/alliance4universities.eu\/en\/extension-of-mobility-form-for-staff-selected-in-the-1st-round\/","og_site_name":"Alliance4universities","article_modified_time":"2023-09-15T09:25:18+00:00","twitter_card":"summary_large_image","twitter_misc":{"Est. reading time":"1 minute"},"schema":{"@context":"https:\/\/schema.org","@graph":[{"@type":"WebPage","@id":"https:\/\/alliance4universities.eu\/en\/extension-of-mobility-form-for-staff-selected-in-the-1st-round\/","url":"https:\/\/alliance4universities.eu\/en\/extension-of-mobility-form-for-staff-selected-in-the-1st-round\/","name":"Extension of mobility form for staff selected in the 1st round - Alliance4universities %","isPartOf":{"@id":"https:\/\/alliance4universities.eu\/#website"},"datePublished":"2023-06-20T14:08:44+00:00","dateModified":"2023-09-15T09:25:18+00:00","breadcrumb":{"@id":"https:\/\/alliance4universities.eu\/en\/extension-of-mobility-form-for-staff-selected-in-the-1st-round\/#breadcrumb"},"inLanguage":"en-US","potentialAction":[{"@type":"ReadAction","target":["https:\/\/alliance4universities.eu\/en\/extension-of-mobility-form-for-staff-selected-in-the-1st-round\/"]}]},{"@type":"BreadcrumbList","@id":"https:\/\/alliance4universities.eu\/en\/extension-of-mobility-form-for-staff-selected-in-the-1st-round\/#breadcrumb","itemListElement":[{"@type":"ListItem","position":1,"name":"Portada","item":"https:\/\/alliance4universities.eu\/en\/"},{"@type":"ListItem","position":2,"name":"Extension of mobility form for staff selected in the 1st round"}]},{"@type":"WebSite","@id":"https:\/\/alliance4universities.eu\/#website","url":"https:\/\/alliance4universities.eu\/","name":"Alliance4universities","description":"Alianza 4 universidades","potentialAction":[{"@type":"SearchAction","target":{"@type":"EntryPoint","urlTemplate":"https:\/\/alliance4universities.eu\/?s={search_term_string}"},"query-input":{"@type":"PropertyValueSpecification","valueRequired":true,"valueName":"search_term_string"}}],"inLanguage":"en-US"}]}},"_links":{"self":[{"href":"https:\/\/alliance4universities.eu\/en\/wp-json\/wp\/v2\/pages\/17507","targetHints":{"allow":["GET"]}}],"collection":[{"href":"https:\/\/alliance4universities.eu\/en\/wp-json\/wp\/v2\/pages"}],"about":[{"href":"https:\/\/alliance4universities.eu\/en\/wp-json\/wp\/v2\/types\/page"}],"author":[{"embeddable":true,"href":"https:\/\/alliance4universities.eu\/en\/wp-json\/wp\/v2\/users\/3"}],"replies":[{"embeddable":true,"href":"https:\/\/alliance4universities.eu\/en\/wp-json\/wp\/v2\/comments?post=17507"}],"version-history":[{"count":3,"href":"https:\/\/alliance4universities.eu\/en\/wp-json\/wp\/v2\/pages\/17507\/revisions"}],"predecessor-version":[{"id":17696,"href":"https:\/\/alliance4universities.eu\/en\/wp-json\/wp\/v2\/pages\/17507\/revisions\/17696"}],"wp:attachment":[{"href":"https:\/\/alliance4universities.eu\/en\/wp-json\/wp\/v2\/media?parent=17507"}],"curies":[{"name":"wp","href":"https:\/\/api.w.org\/{rel}","templated":true}]}}