{"id":6745,"date":"2018-06-07T14:46:02","date_gmt":"2018-06-07T14:46:02","guid":{"rendered":"http:\/\/alliance4universities.eu\/la-historia-de-patricia-gonzalez\/"},"modified":"2018-10-01T12:18:53","modified_gmt":"2018-10-01T12:18:53","slug":"la-historia-de-patricia-gonzalez","status":"publish","type":"page","link":"https:\/\/alliance4universities.eu\/en\/la-historia-de-patricia-gonzalez\/","title":{"rendered":"Patricia Gonz\u00e1lez Aldea"},"content":{"rendered":"<section  class='av_textblock_section av-av_textblock-35972167d9f102c5ddaec0c531c98b9e '   itemscope=\"itemscope\" itemtype=\"https:\/\/schema.org\/CreativeWork\" ><div class='avia_textblock'  itemprop=\"text\" ><p><strong>Patricia Gonz\u00e1lez Aldea<\/strong>, profesora e investigadora en el \u00e1rea de Periodismo en la Universidad Carlos III de Madrid ha realizado su estancia Erasmus+ en la Universidad Estatal de Omsk en Rusia, donde imparti\u00f3 clases en las facultades de econom\u00eda, de relaciones internacionales y en el departamento de periodismo. \u00a0En sus propias palabras nos cuenta su experiencia:<\/p>\n<p><em>\u201cEn 1947 el periodista John Steinbeck y el fot\u00f3grafo Robert Capa viajaron a la entonces Uni\u00f3n Sovi\u00e9tica para realizar un reportaje, apoyado con fotos, con el objetivo de \u201cllegar a la gente rusa\u201d y retratar sus costumbres y modos de vida.\u00a0 El resultado se public\u00f3 con el sencillo t\u00edtulo, despojado de pretensiones, de \u201cViaje a Rusia\u201d. Con este libro bajo el brazo vol\u00e9 hacia Omsk un 14 de abril de 2018 dispuesta tambi\u00e9n a descubrir la m\u00e1s aut\u00e9ntica alma rusa en una ciudad de la que apenas s\u00f3lo unos meses antes nunca hab\u00eda o\u00eddo hablar. <\/em><\/p>\n<p><em>Desde mi infancia la imagen de una Siberia apenas habitada, con temperaturas heladoras, cubierta de nieve y cruzada por el m\u00edtico tren transiberiano me hab\u00eda fascinado. <strong>As\u00ed que cuando me concedieron la beca Erasmus + Alianza 4 Universidades para la Universidad Estatal de Omsk pens\u00e9 en la oportunidad de pisar al fin tierras siberianas.<\/strong><\/em><\/p>\n<p><em>Aterric\u00e9 en mitad de la noche y en el camino hacia mi alojamiento la primera impresi\u00f3n fue la enorme extensi\u00f3n de la ciudad, cruzada por varios puentes e interminables avenidas. Pero \u00a1ni rastro de nieve! Como m\u00e1s tarde me insistieron en m\u00e1s de una ocasi\u00f3n abril es probablemente el peor mes para visitar la ciudad. La nieve se ha derretido y se forma barro en aceras y v\u00edas de circulaci\u00f3n mientras la primavera a\u00fan no ha llegado con todo su esplendor para cubrir de verde y flores los jardines.<\/em><\/p>\n<p><em>Omsk es una inmensa ciudad industrial que cuenta con poco m\u00e1s de 300 a\u00f1os, reci\u00e9n celebrados en 2016. Las chimeneas de antiguas f\u00e1bricas en pleno centro y la refiner\u00eda a las afueras de la ciudad conviven con bellos edificios como la catedral ortodoxa, con sus c\u00fapulas con forma de cebolla, el museo de Bellas Artes o el teatro dram\u00e1tico. M\u00e1s adelante, una estatua de Dovstoyevski recuerda los a\u00f1os que pas\u00f3 condenado en Omsk el c\u00e9lebre escritor. Y a unos cientos de metros discurre el impresionante r\u00edo Irtysh, a\u00fan medio congelado.<\/em><\/p>\n<p><em>Mi hospitalaria anfitriona, Irina Rogova, Directora del Centro Iberoamericano, me introdujo r\u00e1pidamente en la gastronom\u00eda local, aunque mi alergia a la cebolla limit\u00f3 mucho lo que pude probar. A\u00fan as\u00ed degust\u00e9 deliciosos arenques, empanadillas de queso y pelmeni rellenos de carne y en versi\u00f3n dulce, de guindas con nata agria. Descubr\u00ed adem\u00e1s entre las numerosas variedades de t\u00e9 uno con bayas locales y pera con un dulce aroma y sabor. <\/em><\/p>\n<p><em>Quiz\u00e1s por ser esta ciudad de Siberia un destino poco habitual en la elecci\u00f3n de los docentes<strong> la experiencia tanto con alumnos como con profesores no ha podido ser mejor.\u00a0 Destaco el enorme inter\u00e9s y participaci\u00f3n de los estudiantes.<\/strong><\/em> <em>Mi programa de clases durante la semana fue intenso pero muy estimulante. La rutina sol\u00eda empezar en la c\u00e1tedra 101 donde Irina comparte despacho con las otras dos profesoras de espa\u00f1ol, mis apreciadas Elena y Olga, y con profesoras de otras lenguas extranjeras. La mujer rusa es coqueta y todas antes de salir hacia el aula se deten\u00edan en el espejo para peinar sus cabellos que de camino al trabajo hab\u00edan estado cubiertos por gorros o por el tradicional pa\u00f1uelo ruso que es como m\u00e1s le gusta cubrirlo a Irina.<\/em><\/p>\n<p><em>Migraciones y medios de comunicaci\u00f3n fueron las tem\u00e1ticas de mis lecciones que impart\u00ed agradecida siempre por la impecable labor de traducci\u00f3n de Irina, Olga y Elena. Me sent\u00ed arropada y muy bien recibida por la responsable de los estudios de periodismo, profesoras de la titulaci\u00f3n y hasta por la propia decana de la Facultad de Econom\u00eda y dos de sus profesoras donde particip\u00e9 en una interesante mesa redonda. Asist\u00ed tambi\u00e9n a una sesi\u00f3n con los estudiantes de espa\u00f1ol, que hablaban de maravilla y era un gusto o\u00edrles. Mi experiencia con los estudiantes a lo largo de los cinco d\u00edas no pudo ser mejor. Escuchaban, preguntaban y demostraban inter\u00e9s por conocer m\u00e1s acerca de mi pa\u00eds. Tamila, Ann, Mary\u2026 ojal\u00e1 pudiera recordar aqu\u00ed todos sus nombres. A finales de semana coincid\u00ed con el sonriente Yury, que estudia en Londres y hab\u00eda vuelto a Omsk para examinarse de espa\u00f1ol. <\/em><\/p>\n<p><em>El encuentro con periodistas locales fue otra de las interesantes experiencias vividas en Omsk. La entrevista que me hizo Natalia para su peri\u00f3dico fue para m\u00ed tambi\u00e9n un aprendizaje. Y me encant\u00f3 compartir mis vivencias con la periodista que escribe en la revista de la Universidad.<\/em><\/p>\n<p><strong><em>Mi viaje a Siberia guarda en mi memoria no s\u00f3lo olores, sabores, tambi\u00e9n guarda sonidos. Como gran aficionada a la m\u00fasica cl\u00e1sica tuve la enorme suerte de coincidir durante mi estancia con un concierto del maestro ruso G\u00e9rgiev<\/em><\/strong><em>, a quien el diario El Pa\u00eds bautiz\u00f3 en 2016 como \u201cEl zar del Mariinski\u201d. Irina siempre generosa se ofreci\u00f3 a acompa\u00f1arme y por primera vez en mi vida compr\u00e9 una entrada a ciegas. El programa del concierto s\u00f3lo se desvel\u00f3 en el mismo momento que empezaba. Pero la sorpresa no defraud\u00f3: un poema sinf\u00f3nico de Richard Strauss, un adagio de Bruckner, el \u201cLago m\u00e1gico\u201d de Liadov y de propina un fragmento del Cascanueces de Chaikovski. Un perfecto broche final ruso.<\/em><\/p>\n<p><em>El tr\u00e1fico de la ciudad es complicado y lo mismo daba que fueras en autobuses urbanos, en minibuses privados que llaman \u201cmarshrutkas\u201d, o en taxis. Los atascos eran insalvables. Y por si el caos era poco coches con volante a la derecha junto a otros con volante a la izquierda circulaban al son por la derecha. Casi al final de mi estancia la visita al museo de arquitectura tradicional y artesan\u00eda de Bolsherechie me permiti\u00f3 salir de la ciudad y comprobar el estado de las carreteras salpicadas de baches y otras irregularidades por los efectos de la temporada de nieve. Precisamente a medida que avanz\u00e1bamos de camino hacia el norte encontramos entre los espesos bosques de taiga cada vez m\u00e1s espacios a\u00fan con nieve. <strong>Detuvimos el coche y salt\u00e9 emocionada a tocarla. La sensaci\u00f3n fue incre\u00edble porque en mi mano la nieve blanda se convirti\u00f3 en peque\u00f1as bolitas, como si fuera caviar blanco.<\/strong> El verdadero caviar ruso es sin duda esta nieve.<\/em><\/p>\n<p><em>El espacio del museo gira en torno a las casas tradicionales de madera del siglo XIX y el modo de vida de sus habitantes que son recreados de modo teatralizado a partir de la historia real de un lugare\u00f1o llamado Pablo Gladkov. Mar\u00eda, nuestra gu\u00eda, nos recibi\u00f3 ataviada del modo tradicional y con ella recorrimos durante casi tres horas el resto de espacios.\u00a0 Una preciosa colecci\u00f3n de samovares nos dieron la bienvenida. El t\u00e9, llegado en el siglo XVIII a Siberia desde China, y su ceremonial se convirtieron en todo un lujo. Mientras beb\u00edamos el t\u00e9 la gu\u00eda explicaba los ritos de las bodas rusas, como las trenzas con cintas de colores de las novias, las pruebas para los amigos del novio o el faj\u00edn decorativo sobre la frente de las novias que me anim\u00e9 a probarme. El campanario, la iglesia, los animales de la granja, la casa del transportista o las otras casas de los hermanos Gladkov formaron parte del resto del recorrido.<\/em><\/p>\n<p><em>Sentada en la mesa de uno de los hogares tradicionales, en la llamada esquina roja donde se pon\u00eda el icono ortodoxo y se situaba a los invitados, degust\u00e9 lo que se ofrec\u00eda entonces a los reci\u00e9n llegados base de patata asada, pepinillos, tocino y pan negro.<\/em><\/p>\n<p><em>Las mu\u00f1ecas de tela sin rostro a modo de amuletos para todo tipo de cosas, desde encontrar marido a alejar enfermedades, cubr\u00edan una de las paredes dentro del taller de este museo etnogr\u00e1fico. Decid\u00ed comprar una a la salida a la que se piden deseos y hay que atarle una cinta o ponerle un bot\u00f3n para que se cumplan. <\/em><\/p>\n<p><em>En el regreso a Omsk, y en el mismo punto del camino de la ida, volvieron a sobrevolar el campo nevado una espectacular pareja de aves blancas con un largo y elegante cuello que nuestro conductor no dud\u00f3 en identificar como cisnes. <strong>Y con este buen presagio y esta inolvidable imagen en la retina conclu\u00eda mi primer viaje a Rusia.<\/strong>\u201d<\/em><\/p>\n<p><em>\u00a0<\/em><\/p>\n<p><em>\u00a0<\/em><\/p>\n<\/div><\/section>\n\n<style type=\"text\/css\" data-created_by=\"avia_inline_auto\" id=\"style-css-av-av_gallery-b8e7ec0d822d8ddcddc65e1ff3caa788\">\n#top .avia-gallery.av-av_gallery-b8e7ec0d822d8ddcddc65e1ff3caa788 .avia-gallery-thumb a{\nwidth:20%;\n}\n<\/style>\n<div  class='avia-gallery av-av_gallery-b8e7ec0d822d8ddcddc65e1ff3caa788 avia_animate_when_visible  avia-builder-el-1  el_after_av_textblock  avia-builder-el-last  avia_lazyload avia-gallery-animate avia-gallery-1'  itemprop=\"image\" itemscope=\"itemscope\" itemtype=\"https:\/\/schema.org\/ImageObject\" ><meta itemprop=\"contentURL\" content=\"https:\/\/alliance4universities.eu\/en\/la-historia-de-patricia-gonzalez\/\"><div class='avia-gallery-thumb'><a href=\"https:\/\/alliance4universities.eu\/wp-content\/uploads\/2018\/10\/IMG_7278-824x1030.jpg\" data-srcset=\"https:\/\/alliance4universities.eu\/wp-content\/uploads\/2018\/10\/IMG_7278-824x1030.jpg 824w, https:\/\/alliance4universities.eu\/wp-content\/uploads\/2018\/10\/IMG_7278-240x300.jpg 240w, https:\/\/alliance4universities.eu\/wp-content\/uploads\/2018\/10\/IMG_7278-768x960.jpg 768w, https:\/\/alliance4universities.eu\/wp-content\/uploads\/2018\/10\/IMG_7278-1200x1500.jpg 1200w, https:\/\/alliance4universities.eu\/wp-content\/uploads\/2018\/10\/IMG_7278-564x705.jpg 564w, https:\/\/alliance4universities.eu\/wp-content\/uploads\/2018\/10\/IMG_7278-450x563.jpg 450w\" data-sizes=\"(max-width: 824px) 100vw, 824px\" data-rel='gallery-1' data-prev-img='https:\/\/alliance4universities.eu\/wp-content\/uploads\/2018\/10\/IMG_7278-495x400.jpg' class='first_thumb lightbox ' data-onclick='1' title='A4U'  itemprop=\"thumbnailUrl\"  ><img decoding=\"async\" fetchpriority=\"high\" class=\"wp-image-7138 avia-img-lazy-loading-not-7138\"  data-avia-tooltip='A4U' src=\"https:\/\/alliance4universities.eu\/wp-content\/uploads\/2018\/10\/IMG_7278-495x400.jpg\" width=\"495\" height=\"400\"  title='' alt='' srcset=\"https:\/\/alliance4universities.eu\/wp-content\/uploads\/2018\/10\/IMG_7278-495x400.jpg 495w, https:\/\/alliance4universities.eu\/wp-content\/uploads\/2018\/10\/IMG_7278-845x684.jpg 845w\" sizes=\"(max-width: 495px) 100vw, 495px\" \/><div class='big-prev-fake'><img decoding=\"async\" loading=\"lazy\" class=\"wp-image-7138 avia-img-lazy-loading-7138\"  width=\"495\" height=\"400\" src=\"https:\/\/alliance4universities.eu\/wp-content\/uploads\/2018\/10\/IMG_7278-495x400.jpg\" title='' alt='' srcset=\"https:\/\/alliance4universities.eu\/wp-content\/uploads\/2018\/10\/IMG_7278-495x400.jpg 495w, https:\/\/alliance4universities.eu\/wp-content\/uploads\/2018\/10\/IMG_7278-845x684.jpg 845w\" sizes=\"auto, (max-width: 495px) 100vw, 495px\" \/><\/div><\/a><a href=\"https:\/\/alliance4universities.eu\/wp-content\/uploads\/2018\/10\/FullSizeRender-15-1030x772.jpg\" data-srcset=\"https:\/\/alliance4universities.eu\/wp-content\/uploads\/2018\/10\/FullSizeRender-15-1030x772.jpg 1030w, https:\/\/alliance4universities.eu\/wp-content\/uploads\/2018\/10\/FullSizeRender-15-300x225.jpg 300w, https:\/\/alliance4universities.eu\/wp-content\/uploads\/2018\/10\/FullSizeRender-15-768x576.jpg 768w, https:\/\/alliance4universities.eu\/wp-content\/uploads\/2018\/10\/FullSizeRender-15-1500x1125.jpg 1500w, https:\/\/alliance4universities.eu\/wp-content\/uploads\/2018\/10\/FullSizeRender-15-705x529.jpg 705w, https:\/\/alliance4universities.eu\/wp-content\/uploads\/2018\/10\/FullSizeRender-15-450x337.jpg 450w, https:\/\/alliance4universities.eu\/wp-content\/uploads\/2018\/10\/FullSizeRender-15-400x300.jpg 400w\" data-sizes=\"(max-width: 1030px) 100vw, 1030px\" data-rel='gallery-1' data-prev-img='https:\/\/alliance4universities.eu\/wp-content\/uploads\/2018\/10\/FullSizeRender-15-495x400.jpg' class='lightbox ' data-onclick='2' title='A4U'  itemprop=\"thumbnailUrl\"  ><img decoding=\"async\" fetchpriority=\"high\" class=\"wp-image-7136 avia-img-lazy-loading-not-7136\"  data-avia-tooltip='A4U' src=\"https:\/\/alliance4universities.eu\/wp-content\/uploads\/2018\/10\/FullSizeRender-15-495x400.jpg\" width=\"495\" height=\"400\"  title='' alt='' srcset=\"https:\/\/alliance4universities.eu\/wp-content\/uploads\/2018\/10\/FullSizeRender-15-495x400.jpg 495w, https:\/\/alliance4universities.eu\/wp-content\/uploads\/2018\/10\/FullSizeRender-15-845x684.jpg 845w\" sizes=\"(max-width: 495px) 100vw, 495px\" \/><div class='big-prev-fake'><img decoding=\"async\" loading=\"lazy\" class=\"wp-image-7136 avia-img-lazy-loading-7136\"  width=\"495\" height=\"400\" src=\"https:\/\/alliance4universities.eu\/wp-content\/uploads\/2018\/10\/FullSizeRender-15-495x400.jpg\" title='' alt='' srcset=\"https:\/\/alliance4universities.eu\/wp-content\/uploads\/2018\/10\/FullSizeRender-15-495x400.jpg 495w, https:\/\/alliance4universities.eu\/wp-content\/uploads\/2018\/10\/FullSizeRender-15-845x684.jpg 845w\" sizes=\"auto, (max-width: 495px) 100vw, 495px\" \/><\/div><\/a><a href=\"https:\/\/alliance4universities.eu\/wp-content\/uploads\/2018\/10\/Entrevista.jpg\" data-srcset=\"https:\/\/alliance4universities.eu\/wp-content\/uploads\/2018\/10\/Entrevista.jpg 947w, https:\/\/alliance4universities.eu\/wp-content\/uploads\/2018\/10\/Entrevista-300x200.jpg 300w, https:\/\/alliance4universities.eu\/wp-content\/uploads\/2018\/10\/Entrevista-768x512.jpg 768w, https:\/\/alliance4universities.eu\/wp-content\/uploads\/2018\/10\/Entrevista-705x470.jpg 705w, https:\/\/alliance4universities.eu\/wp-content\/uploads\/2018\/10\/Entrevista-450x300.jpg 450w\" data-sizes=\"(max-width: 947px) 100vw, 947px\" data-rel='gallery-1' data-prev-img='https:\/\/alliance4universities.eu\/wp-content\/uploads\/2018\/10\/Entrevista-495x400.jpg' class='lightbox ' data-onclick='3' title='Entrevista con Patricia Gonz\u00e1lez Aldea'  itemprop=\"thumbnailUrl\"  ><img decoding=\"async\" fetchpriority=\"high\" class=\"wp-image-7131 avia-img-lazy-loading-not-7131\"  data-avia-tooltip='Entrevista con Patricia Gonz\u00e1lez Aldea' src=\"https:\/\/alliance4universities.eu\/wp-content\/uploads\/2018\/10\/Entrevista-495x400.jpg\" width=\"495\" height=\"400\"  title='Entrevista' alt='' \/><div class='big-prev-fake'><img decoding=\"async\" loading=\"lazy\" class=\"wp-image-7131 avia-img-lazy-loading-7131\"  width=\"495\" height=\"400\" src=\"https:\/\/alliance4universities.eu\/wp-content\/uploads\/2018\/10\/Entrevista-495x400.jpg\" title='Entrevista' alt='' \/><\/div><\/a><a href=\"https:\/\/alliance4universities.eu\/wp-content\/uploads\/2018\/10\/FullSizeRender-14-773x1030.jpg\" data-srcset=\"https:\/\/alliance4universities.eu\/wp-content\/uploads\/2018\/10\/FullSizeRender-14-773x1030.jpg 773w, https:\/\/alliance4universities.eu\/wp-content\/uploads\/2018\/10\/FullSizeRender-14-225x300.jpg 225w, https:\/\/alliance4universities.eu\/wp-content\/uploads\/2018\/10\/FullSizeRender-14-768x1024.jpg 768w, https:\/\/alliance4universities.eu\/wp-content\/uploads\/2018\/10\/FullSizeRender-14-1125x1500.jpg 1125w, https:\/\/alliance4universities.eu\/wp-content\/uploads\/2018\/10\/FullSizeRender-14-529x705.jpg 529w, https:\/\/alliance4universities.eu\/wp-content\/uploads\/2018\/10\/FullSizeRender-14-450x600.jpg 450w\" data-sizes=\"(max-width: 773px) 100vw, 773px\" data-rel='gallery-1' data-prev-img='https:\/\/alliance4universities.eu\/wp-content\/uploads\/2018\/10\/FullSizeRender-14-495x400.jpg' class='lightbox ' data-onclick='4' title='A4U'  itemprop=\"thumbnailUrl\"  ><img decoding=\"async\" fetchpriority=\"high\" class=\"wp-image-7134 avia-img-lazy-loading-not-7134\"  data-avia-tooltip='A4U' src=\"https:\/\/alliance4universities.eu\/wp-content\/uploads\/2018\/10\/FullSizeRender-14-495x400.jpg\" width=\"495\" height=\"400\"  title='' alt='' srcset=\"https:\/\/alliance4universities.eu\/wp-content\/uploads\/2018\/10\/FullSizeRender-14-495x400.jpg 495w, https:\/\/alliance4universities.eu\/wp-content\/uploads\/2018\/10\/FullSizeRender-14-845x684.jpg 845w\" sizes=\"(max-width: 495px) 100vw, 495px\" \/><div class='big-prev-fake'><img decoding=\"async\" loading=\"lazy\" class=\"wp-image-7134 avia-img-lazy-loading-7134\"  width=\"495\" height=\"400\" src=\"https:\/\/alliance4universities.eu\/wp-content\/uploads\/2018\/10\/FullSizeRender-14-495x400.jpg\" title='' alt='' srcset=\"https:\/\/alliance4universities.eu\/wp-content\/uploads\/2018\/10\/FullSizeRender-14-495x400.jpg 495w, https:\/\/alliance4universities.eu\/wp-content\/uploads\/2018\/10\/FullSizeRender-14-845x684.jpg 845w\" sizes=\"auto, (max-width: 495px) 100vw, 495px\" \/><\/div><\/a><\/div><\/div>\n","protected":false},"excerpt":{"rendered":"","protected":false},"author":3,"featured_media":0,"parent":0,"menu_order":0,"comment_status":"closed","ping_status":"closed","template":"","meta":{"footnotes":""},"class_list":["post-6745","page","type-page","status-publish","hentry"],"yoast_head":"<!-- This site is optimized with the Yoast SEO plugin v26.1.1 - https:\/\/yoast.com\/wordpress\/plugins\/seo\/ -->\n<title>Patricia Gonz\u00e1lez Aldea - Alliance4universities<\/title>\n<meta name=\"robots\" content=\"index, follow, max-snippet:-1, max-image-preview:large, max-video-preview:-1\" \/>\n<link rel=\"canonical\" href=\"https:\/\/alliance4universities.eu\/en\/la-historia-de-patricia-gonzalez\/\" \/>\n<meta property=\"og:locale\" content=\"en_US\" \/>\n<meta property=\"og:type\" content=\"article\" \/>\n<meta property=\"og:title\" content=\"Patricia Gonz\u00e1lez Aldea - Alliance4universities\" \/>\n<meta property=\"og:url\" content=\"https:\/\/alliance4universities.eu\/en\/la-historia-de-patricia-gonzalez\/\" \/>\n<meta property=\"og:site_name\" content=\"Alliance4universities\" \/>\n<meta property=\"article:modified_time\" content=\"2018-10-01T12:18:53+00:00\" \/>\n<meta name=\"twitter:card\" content=\"summary_large_image\" \/>\n<meta name=\"twitter:label1\" content=\"Est. reading time\" \/>\n\t<meta name=\"twitter:data1\" content=\"8 minutes\" \/>\n<script type=\"application\/ld+json\" class=\"yoast-schema-graph\">{\"@context\":\"https:\/\/schema.org\",\"@graph\":[{\"@type\":\"WebPage\",\"@id\":\"https:\/\/alliance4universities.eu\/en\/la-historia-de-patricia-gonzalez\/\",\"url\":\"https:\/\/alliance4universities.eu\/en\/la-historia-de-patricia-gonzalez\/\",\"name\":\"Patricia Gonz\u00e1lez Aldea - Alliance4universities\",\"isPartOf\":{\"@id\":\"https:\/\/alliance4universities.eu\/#website\"},\"datePublished\":\"2018-06-07T14:46:02+00:00\",\"dateModified\":\"2018-10-01T12:18:53+00:00\",\"breadcrumb\":{\"@id\":\"https:\/\/alliance4universities.eu\/en\/la-historia-de-patricia-gonzalez\/#breadcrumb\"},\"inLanguage\":\"en-US\",\"potentialAction\":[{\"@type\":\"ReadAction\",\"target\":[\"https:\/\/alliance4universities.eu\/en\/la-historia-de-patricia-gonzalez\/\"]}]},{\"@type\":\"BreadcrumbList\",\"@id\":\"https:\/\/alliance4universities.eu\/en\/la-historia-de-patricia-gonzalez\/#breadcrumb\",\"itemListElement\":[{\"@type\":\"ListItem\",\"position\":1,\"name\":\"Portada\",\"item\":\"https:\/\/alliance4universities.eu\/en\/\"},{\"@type\":\"ListItem\",\"position\":2,\"name\":\"Patricia Gonz\u00e1lez Aldea\"}]},{\"@type\":\"WebSite\",\"@id\":\"https:\/\/alliance4universities.eu\/#website\",\"url\":\"https:\/\/alliance4universities.eu\/\",\"name\":\"Alliance4universities\",\"description\":\"Alianza 4 universidades\",\"potentialAction\":[{\"@type\":\"SearchAction\",\"target\":{\"@type\":\"EntryPoint\",\"urlTemplate\":\"https:\/\/alliance4universities.eu\/?s={search_term_string}\"},\"query-input\":{\"@type\":\"PropertyValueSpecification\",\"valueRequired\":true,\"valueName\":\"search_term_string\"}}],\"inLanguage\":\"en-US\"}]}<\/script>\n<!-- \/ Yoast SEO plugin. -->","yoast_head_json":{"title":"Patricia Gonz\u00e1lez Aldea - Alliance4universities","robots":{"index":"index","follow":"follow","max-snippet":"max-snippet:-1","max-image-preview":"max-image-preview:large","max-video-preview":"max-video-preview:-1"},"canonical":"https:\/\/alliance4universities.eu\/en\/la-historia-de-patricia-gonzalez\/","og_locale":"en_US","og_type":"article","og_title":"Patricia Gonz\u00e1lez Aldea - Alliance4universities","og_url":"https:\/\/alliance4universities.eu\/en\/la-historia-de-patricia-gonzalez\/","og_site_name":"Alliance4universities","article_modified_time":"2018-10-01T12:18:53+00:00","twitter_card":"summary_large_image","twitter_misc":{"Est. reading time":"8 minutes"},"schema":{"@context":"https:\/\/schema.org","@graph":[{"@type":"WebPage","@id":"https:\/\/alliance4universities.eu\/en\/la-historia-de-patricia-gonzalez\/","url":"https:\/\/alliance4universities.eu\/en\/la-historia-de-patricia-gonzalez\/","name":"Patricia Gonz\u00e1lez Aldea - Alliance4universities","isPartOf":{"@id":"https:\/\/alliance4universities.eu\/#website"},"datePublished":"2018-06-07T14:46:02+00:00","dateModified":"2018-10-01T12:18:53+00:00","breadcrumb":{"@id":"https:\/\/alliance4universities.eu\/en\/la-historia-de-patricia-gonzalez\/#breadcrumb"},"inLanguage":"en-US","potentialAction":[{"@type":"ReadAction","target":["https:\/\/alliance4universities.eu\/en\/la-historia-de-patricia-gonzalez\/"]}]},{"@type":"BreadcrumbList","@id":"https:\/\/alliance4universities.eu\/en\/la-historia-de-patricia-gonzalez\/#breadcrumb","itemListElement":[{"@type":"ListItem","position":1,"name":"Portada","item":"https:\/\/alliance4universities.eu\/en\/"},{"@type":"ListItem","position":2,"name":"Patricia Gonz\u00e1lez Aldea"}]},{"@type":"WebSite","@id":"https:\/\/alliance4universities.eu\/#website","url":"https:\/\/alliance4universities.eu\/","name":"Alliance4universities","description":"Alianza 4 universidades","potentialAction":[{"@type":"SearchAction","target":{"@type":"EntryPoint","urlTemplate":"https:\/\/alliance4universities.eu\/?s={search_term_string}"},"query-input":{"@type":"PropertyValueSpecification","valueRequired":true,"valueName":"search_term_string"}}],"inLanguage":"en-US"}]}},"_links":{"self":[{"href":"https:\/\/alliance4universities.eu\/en\/wp-json\/wp\/v2\/pages\/6745","targetHints":{"allow":["GET"]}}],"collection":[{"href":"https:\/\/alliance4universities.eu\/en\/wp-json\/wp\/v2\/pages"}],"about":[{"href":"https:\/\/alliance4universities.eu\/en\/wp-json\/wp\/v2\/types\/page"}],"author":[{"embeddable":true,"href":"https:\/\/alliance4universities.eu\/en\/wp-json\/wp\/v2\/users\/3"}],"replies":[{"embeddable":true,"href":"https:\/\/alliance4universities.eu\/en\/wp-json\/wp\/v2\/comments?post=6745"}],"version-history":[{"count":8,"href":"https:\/\/alliance4universities.eu\/en\/wp-json\/wp\/v2\/pages\/6745\/revisions"}],"predecessor-version":[{"id":7144,"href":"https:\/\/alliance4universities.eu\/en\/wp-json\/wp\/v2\/pages\/6745\/revisions\/7144"}],"wp:attachment":[{"href":"https:\/\/alliance4universities.eu\/en\/wp-json\/wp\/v2\/media?parent=6745"}],"curies":[{"name":"wp","href":"https:\/\/api.w.org\/{rel}","templated":true}]}}