{"id":7233,"date":"2018-10-08T11:11:53","date_gmt":"2018-10-08T11:11:53","guid":{"rendered":"http:\/\/alliance4universities.eu\/miguel-mendez-isla\/"},"modified":"2018-10-08T11:26:02","modified_gmt":"2018-10-08T11:26:02","slug":"miguel-mendez-isla","status":"publish","type":"page","link":"https:\/\/alliance4universities.eu\/en\/miguel-mendez-isla\/","title":{"rendered":"Miguel M\u00e9ndez Isla"},"content":{"rendered":"<section  class='av_textblock_section av-av_textblock-35972167d9f102c5ddaec0c531c98b9e '   itemscope=\"itemscope\" itemtype=\"https:\/\/schema.org\/CreativeWork\" ><div class='avia_textblock'  itemprop=\"text\" ><p><strong>Miguel M\u00e9ndez Isla<\/strong>, estudiante de doctorado en F\u00edsica en la Universidad de la Ciudad de Cabo en Sud\u00e1frica, realiz\u00f3 una estancia de 5 meses en la Universidad Aut\u00f3noma de Madrid en primavera de 2017, llevando a cabo la investigaci\u00f3n en detecci\u00f3n indirecta de materia oscura con ondas de radio.<\/p>\n<p><em>\u201cLa movilidad me ha ayudado a nivel profesional y acad\u00e9mico porque el Instituto de F\u00edsica Teor\u00e9tica de la UAM es una instituci\u00f3n pionera en lo relacionado a b\u00fasquedas de materia oscura, tanto directas como indirectas, o en colisionadores. El nivel de lo que uno puede aprender en esta instituci\u00f3n es elevado y est\u00e1 en constante actualizaci\u00f3n. <\/em><\/p>\n<p><em>En cuanto al nivel personal, tambi\u00e9n puedo resaltar que me he encontrado con un trato muy amable por parte de todos sin excepci\u00f3n; desde el trato de las personas que trabajan en la log\u00edstica de Erasmus+ A4U hasta la gente del departamento en el que he estado.<\/em><\/p>\n<p><em>Recomendar\u00eda esta experiencia por varios motivos que ya expliqu\u00e9 anteriormente, pero me gustar\u00eda a\u00f1adir uno m\u00e1s. Creo que es fundamental ver c\u00f3mo trabajan en\u00a0 otras instituciones de las que uno procede; tanto la metodolog\u00eda de trabajo, como los nuevos enfoques del objeto de estudio.<\/em><\/p>\n<p><em>En cuanto a la ciudad de Madrid, ya hab\u00eda estado anteriormente, y no hay nada que pueda explicar yo mejor que un par de fotograf\u00edas, el destino es incre\u00edble. Muy recomendable si quieres estar en una ciudad multicultural y a la vez sentirte como en casa.\u201d <\/em><\/p>\n<\/div><\/section>\n\n<style type=\"text\/css\" data-created_by=\"avia_inline_auto\" id=\"style-css-av-av_gallery-f1391b95c9c1c947f2c44abd6288f187\">\n#top .avia-gallery.av-av_gallery-f1391b95c9c1c947f2c44abd6288f187 .avia-gallery-thumb a{\nwidth:20%;\n}\n<\/style>\n<div  class='avia-gallery av-av_gallery-f1391b95c9c1c947f2c44abd6288f187 avia_animate_when_visible  avia-builder-el-1  el_after_av_textblock  avia-builder-el-last  avia_lazyload avia-gallery-animate avia-gallery-1'  itemprop=\"image\" itemscope=\"itemscope\" itemtype=\"https:\/\/schema.org\/ImageObject\" ><meta itemprop=\"contentURL\" content=\"https:\/\/alliance4universities.eu\/en\/miguel-mendez-isla\/\"><div class='avia-gallery-thumb'><a href=\"https:\/\/alliance4universities.eu\/wp-content\/uploads\/2018\/10\/FotM.jpg\" data-rel='gallery-1' data-prev-img='https:\/\/alliance4universities.eu\/wp-content\/uploads\/2018\/10\/FotM.jpg' class='first_thumb lightbox ' data-onclick='1' title='AU4 Erasmus+'  itemprop=\"thumbnailUrl\"  ><img decoding=\"async\" fetchpriority=\"high\" class=\"wp-image-7230 avia-img-lazy-loading-not-7230\"  data-avia-tooltip='AU4 Erasmus+' src=\"https:\/\/alliance4universities.eu\/wp-content\/uploads\/2018\/10\/FotM.jpg\" width=\"219\" height=\"285\"  title='FotM' alt='' \/><div class='big-prev-fake'><img decoding=\"async\" loading=\"lazy\" class=\"wp-image-7230 avia-img-lazy-loading-7230\"  width=\"219\" height=\"285\" src=\"https:\/\/alliance4universities.eu\/wp-content\/uploads\/2018\/10\/FotM.jpg\" title='FotM' alt='' \/><\/div><\/a><\/div><\/div>\n","protected":false},"excerpt":{"rendered":"","protected":false},"author":3,"featured_media":0,"parent":0,"menu_order":0,"comment_status":"closed","ping_status":"closed","template":"","meta":{"footnotes":""},"class_list":["post-7233","page","type-page","status-publish","hentry"],"yoast_head":"<!-- This site is optimized with the Yoast SEO plugin v26.1.1 - https:\/\/yoast.com\/wordpress\/plugins\/seo\/ -->\n<title>Miguel M\u00e9ndez Isla - Alliance4universities<\/title>\n<meta name=\"robots\" content=\"index, follow, max-snippet:-1, max-image-preview:large, max-video-preview:-1\" \/>\n<link rel=\"canonical\" href=\"https:\/\/alliance4universities.eu\/en\/miguel-mendez-isla\/\" \/>\n<meta property=\"og:locale\" content=\"en_US\" \/>\n<meta property=\"og:type\" content=\"article\" \/>\n<meta property=\"og:title\" content=\"Miguel M\u00e9ndez Isla - Alliance4universities\" \/>\n<meta property=\"og:url\" content=\"https:\/\/alliance4universities.eu\/en\/miguel-mendez-isla\/\" \/>\n<meta property=\"og:site_name\" content=\"Alliance4universities\" \/>\n<meta property=\"article:modified_time\" content=\"2018-10-08T11:26:02+00:00\" \/>\n<meta name=\"twitter:card\" content=\"summary_large_image\" \/>\n<meta name=\"twitter:label1\" content=\"Est. reading time\" \/>\n\t<meta name=\"twitter:data1\" content=\"2 minutes\" \/>\n<script type=\"application\/ld+json\" class=\"yoast-schema-graph\">{\"@context\":\"https:\/\/schema.org\",\"@graph\":[{\"@type\":\"WebPage\",\"@id\":\"https:\/\/alliance4universities.eu\/en\/miguel-mendez-isla\/\",\"url\":\"https:\/\/alliance4universities.eu\/en\/miguel-mendez-isla\/\",\"name\":\"Miguel M\u00e9ndez Isla - Alliance4universities\",\"isPartOf\":{\"@id\":\"https:\/\/alliance4universities.eu\/#website\"},\"datePublished\":\"2018-10-08T11:11:53+00:00\",\"dateModified\":\"2018-10-08T11:26:02+00:00\",\"breadcrumb\":{\"@id\":\"https:\/\/alliance4universities.eu\/en\/miguel-mendez-isla\/#breadcrumb\"},\"inLanguage\":\"en-US\",\"potentialAction\":[{\"@type\":\"ReadAction\",\"target\":[\"https:\/\/alliance4universities.eu\/en\/miguel-mendez-isla\/\"]}]},{\"@type\":\"BreadcrumbList\",\"@id\":\"https:\/\/alliance4universities.eu\/en\/miguel-mendez-isla\/#breadcrumb\",\"itemListElement\":[{\"@type\":\"ListItem\",\"position\":1,\"name\":\"Portada\",\"item\":\"https:\/\/alliance4universities.eu\/en\/\"},{\"@type\":\"ListItem\",\"position\":2,\"name\":\"Miguel M\u00e9ndez Isla\"}]},{\"@type\":\"WebSite\",\"@id\":\"https:\/\/alliance4universities.eu\/#website\",\"url\":\"https:\/\/alliance4universities.eu\/\",\"name\":\"Alliance4universities\",\"description\":\"Alianza 4 universidades\",\"potentialAction\":[{\"@type\":\"SearchAction\",\"target\":{\"@type\":\"EntryPoint\",\"urlTemplate\":\"https:\/\/alliance4universities.eu\/?s={search_term_string}\"},\"query-input\":{\"@type\":\"PropertyValueSpecification\",\"valueRequired\":true,\"valueName\":\"search_term_string\"}}],\"inLanguage\":\"en-US\"}]}<\/script>\n<!-- \/ Yoast SEO plugin. -->","yoast_head_json":{"title":"Miguel M\u00e9ndez Isla - Alliance4universities","robots":{"index":"index","follow":"follow","max-snippet":"max-snippet:-1","max-image-preview":"max-image-preview:large","max-video-preview":"max-video-preview:-1"},"canonical":"https:\/\/alliance4universities.eu\/en\/miguel-mendez-isla\/","og_locale":"en_US","og_type":"article","og_title":"Miguel M\u00e9ndez Isla - Alliance4universities","og_url":"https:\/\/alliance4universities.eu\/en\/miguel-mendez-isla\/","og_site_name":"Alliance4universities","article_modified_time":"2018-10-08T11:26:02+00:00","twitter_card":"summary_large_image","twitter_misc":{"Est. reading time":"2 minutes"},"schema":{"@context":"https:\/\/schema.org","@graph":[{"@type":"WebPage","@id":"https:\/\/alliance4universities.eu\/en\/miguel-mendez-isla\/","url":"https:\/\/alliance4universities.eu\/en\/miguel-mendez-isla\/","name":"Miguel M\u00e9ndez Isla - Alliance4universities","isPartOf":{"@id":"https:\/\/alliance4universities.eu\/#website"},"datePublished":"2018-10-08T11:11:53+00:00","dateModified":"2018-10-08T11:26:02+00:00","breadcrumb":{"@id":"https:\/\/alliance4universities.eu\/en\/miguel-mendez-isla\/#breadcrumb"},"inLanguage":"en-US","potentialAction":[{"@type":"ReadAction","target":["https:\/\/alliance4universities.eu\/en\/miguel-mendez-isla\/"]}]},{"@type":"BreadcrumbList","@id":"https:\/\/alliance4universities.eu\/en\/miguel-mendez-isla\/#breadcrumb","itemListElement":[{"@type":"ListItem","position":1,"name":"Portada","item":"https:\/\/alliance4universities.eu\/en\/"},{"@type":"ListItem","position":2,"name":"Miguel M\u00e9ndez Isla"}]},{"@type":"WebSite","@id":"https:\/\/alliance4universities.eu\/#website","url":"https:\/\/alliance4universities.eu\/","name":"Alliance4universities","description":"Alianza 4 universidades","potentialAction":[{"@type":"SearchAction","target":{"@type":"EntryPoint","urlTemplate":"https:\/\/alliance4universities.eu\/?s={search_term_string}"},"query-input":{"@type":"PropertyValueSpecification","valueRequired":true,"valueName":"search_term_string"}}],"inLanguage":"en-US"}]}},"_links":{"self":[{"href":"https:\/\/alliance4universities.eu\/en\/wp-json\/wp\/v2\/pages\/7233","targetHints":{"allow":["GET"]}}],"collection":[{"href":"https:\/\/alliance4universities.eu\/en\/wp-json\/wp\/v2\/pages"}],"about":[{"href":"https:\/\/alliance4universities.eu\/en\/wp-json\/wp\/v2\/types\/page"}],"author":[{"embeddable":true,"href":"https:\/\/alliance4universities.eu\/en\/wp-json\/wp\/v2\/users\/3"}],"replies":[{"embeddable":true,"href":"https:\/\/alliance4universities.eu\/en\/wp-json\/wp\/v2\/comments?post=7233"}],"version-history":[{"count":2,"href":"https:\/\/alliance4universities.eu\/en\/wp-json\/wp\/v2\/pages\/7233\/revisions"}],"predecessor-version":[{"id":7246,"href":"https:\/\/alliance4universities.eu\/en\/wp-json\/wp\/v2\/pages\/7233\/revisions\/7246"}],"wp:attachment":[{"href":"https:\/\/alliance4universities.eu\/en\/wp-json\/wp\/v2\/media?parent=7233"}],"curies":[{"name":"wp","href":"https:\/\/api.w.org\/{rel}","templated":true}]}}