{"id":7366,"date":"2018-10-11T13:04:29","date_gmt":"2018-10-11T13:04:29","guid":{"rendered":"http:\/\/alliance4universities.eu\/pilar-grima-lorente\/"},"modified":"2018-10-11T13:04:29","modified_gmt":"2018-10-11T13:04:29","slug":"pilar-grima-lorente","status":"publish","type":"page","link":"https:\/\/alliance4universities.eu\/en\/pilar-grima-lorente\/","title":{"rendered":"Pilar Grima Lorente"},"content":{"rendered":"<section  class='av_textblock_section av-av_textblock-35972167d9f102c5ddaec0c531c98b9e '   itemscope=\"itemscope\" itemtype=\"https:\/\/schema.org\/CreativeWork\" ><div class='avia_textblock'  itemprop=\"text\" ><p><strong>Pilar Grima Lorente <\/strong>trabaja en el Servicio de Relaciones Internacionales de la Universidad Carlos III de Madrid<strong>. <\/strong>en el \u00e1rea de negociaci\u00f3n de acuerdos Internacionales con pa\u00edses no europeos. En junio de 2018 realiz\u00f3 una estancia de 7 d\u00edas en la Higher School of Economics en Mosc\u00fa.<\/p>\n<p><strong>\u201c<em>La experiencia de trabajar en HSE durante mi tiempo de estancia internacional ha sido realmente intensa a la vez que muy satisfactoria y enriquecedora. He realizado 14 reuniones en total a diferentes niveles, en las que hemos analizado los sistemas internacionalizaci\u00f3n de ambas instituciones. Adem\u00e1s, las reuniones con departamentos acad\u00e9micos han culminado en que abramos el acuerdo internacional que ya tenemos firmado a 5 nuevas \u00e1reas, lo que sin duda va a estrechar los v\u00ednculos entre HSE y Universidad Carlos III de Madrid.<\/em><\/strong><\/p>\n<p><strong><em>La acogida por parte de la Oficina Internacional ha sido memorable, la Directora Sofia Sadykova, ha intervenido en todas mis actuaciones y se ha involucrado minuciosamente en todas las labores que he llevado a cabo en HSE present\u00e1ndome personalmente a los responsables de los departamentos con los que me he reunido. Adem\u00e1s, el d\u00eda a d\u00eda con los compa\u00f1eros de internacional ha resultado c\u00e1lido y entra\u00f1able y traigo muy buenos recuerdos de todos ellos. <\/em><\/strong><\/p>\n<p><strong><em>La experiencia la recomendar\u00eda sin duda alguna, es algo necesario que te enriquece no s\u00f3lo a nivel profesional sino personal. La estancia internacional te permite un conocimiento intenso de la cultura de la instituci\u00f3n de acogida y facilita el quehacer diario entre los representantes de\u00a0 ambas instituciones consolid\u00e1ndose los lazos.\u201d<\/em><\/strong><\/p>\n<\/div><\/section>\n\n<style type=\"text\/css\" data-created_by=\"avia_inline_auto\" id=\"style-css-av-av_gallery-a5a58735b3513d09b7890dc91d04a01b\">\n#top .avia-gallery.av-av_gallery-a5a58735b3513d09b7890dc91d04a01b .avia-gallery-thumb a{\nwidth:20%;\n}\n<\/style>\n<div  class='avia-gallery av-av_gallery-a5a58735b3513d09b7890dc91d04a01b avia_animate_when_visible  avia-builder-el-1  el_after_av_textblock  avia-builder-el-last  avia_lazyload avia-gallery-animate avia-gallery-1'  itemprop=\"image\" itemscope=\"itemscope\" itemtype=\"https:\/\/schema.org\/ImageObject\" ><meta itemprop=\"contentURL\" content=\"https:\/\/alliance4universities.eu\/en\/pilar-grima-lorente\/\"><div class='avia-gallery-thumb'><a href=\"https:\/\/alliance4universities.eu\/wp-content\/uploads\/2018\/10\/Pilar-Grima-884x1030.jpg\" data-srcset=\"https:\/\/alliance4universities.eu\/wp-content\/uploads\/2018\/10\/Pilar-Grima-884x1030.jpg 884w, https:\/\/alliance4universities.eu\/wp-content\/uploads\/2018\/10\/Pilar-Grima-258x300.jpg 258w, https:\/\/alliance4universities.eu\/wp-content\/uploads\/2018\/10\/Pilar-Grima-768x895.jpg 768w, https:\/\/alliance4universities.eu\/wp-content\/uploads\/2018\/10\/Pilar-Grima-605x705.jpg 605w, https:\/\/alliance4universities.eu\/wp-content\/uploads\/2018\/10\/Pilar-Grima-450x524.jpg 450w, https:\/\/alliance4universities.eu\/wp-content\/uploads\/2018\/10\/Pilar-Grima.jpg 1030w\" data-sizes=\"(max-width: 884px) 100vw, 884px\" data-rel='gallery-1' data-prev-img='https:\/\/alliance4universities.eu\/wp-content\/uploads\/2018\/10\/Pilar-Grima-495x400.jpg' class='first_thumb lightbox ' data-onclick='1' title='A4U Erasmus+'  itemprop=\"thumbnailUrl\"  ><img decoding=\"async\" fetchpriority=\"high\" class=\"wp-image-7361 avia-img-lazy-loading-not-7361\"  data-avia-tooltip='A4U Erasmus+' src=\"https:\/\/alliance4universities.eu\/wp-content\/uploads\/2018\/10\/Pilar-Grima-495x400.jpg\" width=\"495\" height=\"400\"  title='Pilar Grima Lorente, administrative staff in International Relations. UAM - Higher School of Economics, Russia' alt='' srcset=\"https:\/\/alliance4universities.eu\/wp-content\/uploads\/2018\/10\/Pilar-Grima-495x400.jpg 495w, https:\/\/alliance4universities.eu\/wp-content\/uploads\/2018\/10\/Pilar-Grima-845x684.jpg 845w\" sizes=\"(max-width: 495px) 100vw, 495px\" \/><div class='big-prev-fake'><img decoding=\"async\" loading=\"lazy\" class=\"wp-image-7361 avia-img-lazy-loading-7361\"  width=\"495\" height=\"400\" src=\"https:\/\/alliance4universities.eu\/wp-content\/uploads\/2018\/10\/Pilar-Grima-495x400.jpg\" title='Pilar Grima Lorente, administrative staff in International Relations. UAM - Higher School of Economics, Russia' alt='' srcset=\"https:\/\/alliance4universities.eu\/wp-content\/uploads\/2018\/10\/Pilar-Grima-495x400.jpg 495w, https:\/\/alliance4universities.eu\/wp-content\/uploads\/2018\/10\/Pilar-Grima-845x684.jpg 845w\" sizes=\"auto, (max-width: 495px) 100vw, 495px\" \/><\/div><\/a><\/div><\/div>\n","protected":false},"excerpt":{"rendered":"","protected":false},"author":3,"featured_media":0,"parent":0,"menu_order":0,"comment_status":"closed","ping_status":"closed","template":"","meta":{"footnotes":""},"class_list":["post-7366","page","type-page","status-publish","hentry"],"yoast_head":"<!-- This site is optimized with the Yoast SEO plugin v26.1.1 - https:\/\/yoast.com\/wordpress\/plugins\/seo\/ -->\n<title>Pilar Grima Lorente - Alliance4universities<\/title>\n<meta name=\"robots\" content=\"index, follow, max-snippet:-1, max-image-preview:large, max-video-preview:-1\" \/>\n<link rel=\"canonical\" href=\"https:\/\/alliance4universities.eu\/en\/pilar-grima-lorente\/\" \/>\n<meta property=\"og:locale\" content=\"en_US\" \/>\n<meta property=\"og:type\" content=\"article\" \/>\n<meta property=\"og:title\" content=\"Pilar Grima Lorente - Alliance4universities\" \/>\n<meta property=\"og:url\" content=\"https:\/\/alliance4universities.eu\/en\/pilar-grima-lorente\/\" \/>\n<meta property=\"og:site_name\" content=\"Alliance4universities\" \/>\n<meta name=\"twitter:card\" content=\"summary_large_image\" \/>\n<meta name=\"twitter:label1\" content=\"Est. reading time\" \/>\n\t<meta name=\"twitter:data1\" content=\"2 minutes\" \/>\n<script type=\"application\/ld+json\" class=\"yoast-schema-graph\">{\"@context\":\"https:\/\/schema.org\",\"@graph\":[{\"@type\":\"WebPage\",\"@id\":\"https:\/\/alliance4universities.eu\/en\/pilar-grima-lorente\/\",\"url\":\"https:\/\/alliance4universities.eu\/en\/pilar-grima-lorente\/\",\"name\":\"Pilar Grima Lorente - Alliance4universities\",\"isPartOf\":{\"@id\":\"https:\/\/alliance4universities.eu\/#website\"},\"datePublished\":\"2018-10-11T13:04:29+00:00\",\"breadcrumb\":{\"@id\":\"https:\/\/alliance4universities.eu\/en\/pilar-grima-lorente\/#breadcrumb\"},\"inLanguage\":\"en-US\",\"potentialAction\":[{\"@type\":\"ReadAction\",\"target\":[\"https:\/\/alliance4universities.eu\/en\/pilar-grima-lorente\/\"]}]},{\"@type\":\"BreadcrumbList\",\"@id\":\"https:\/\/alliance4universities.eu\/en\/pilar-grima-lorente\/#breadcrumb\",\"itemListElement\":[{\"@type\":\"ListItem\",\"position\":1,\"name\":\"Portada\",\"item\":\"https:\/\/alliance4universities.eu\/en\/\"},{\"@type\":\"ListItem\",\"position\":2,\"name\":\"Pilar Grima Lorente\"}]},{\"@type\":\"WebSite\",\"@id\":\"https:\/\/alliance4universities.eu\/#website\",\"url\":\"https:\/\/alliance4universities.eu\/\",\"name\":\"Alliance4universities\",\"description\":\"Alianza 4 universidades\",\"potentialAction\":[{\"@type\":\"SearchAction\",\"target\":{\"@type\":\"EntryPoint\",\"urlTemplate\":\"https:\/\/alliance4universities.eu\/?s={search_term_string}\"},\"query-input\":{\"@type\":\"PropertyValueSpecification\",\"valueRequired\":true,\"valueName\":\"search_term_string\"}}],\"inLanguage\":\"en-US\"}]}<\/script>\n<!-- \/ Yoast SEO plugin. -->","yoast_head_json":{"title":"Pilar Grima Lorente - Alliance4universities","robots":{"index":"index","follow":"follow","max-snippet":"max-snippet:-1","max-image-preview":"max-image-preview:large","max-video-preview":"max-video-preview:-1"},"canonical":"https:\/\/alliance4universities.eu\/en\/pilar-grima-lorente\/","og_locale":"en_US","og_type":"article","og_title":"Pilar Grima Lorente - Alliance4universities","og_url":"https:\/\/alliance4universities.eu\/en\/pilar-grima-lorente\/","og_site_name":"Alliance4universities","twitter_card":"summary_large_image","twitter_misc":{"Est. reading time":"2 minutes"},"schema":{"@context":"https:\/\/schema.org","@graph":[{"@type":"WebPage","@id":"https:\/\/alliance4universities.eu\/en\/pilar-grima-lorente\/","url":"https:\/\/alliance4universities.eu\/en\/pilar-grima-lorente\/","name":"Pilar Grima Lorente - Alliance4universities","isPartOf":{"@id":"https:\/\/alliance4universities.eu\/#website"},"datePublished":"2018-10-11T13:04:29+00:00","breadcrumb":{"@id":"https:\/\/alliance4universities.eu\/en\/pilar-grima-lorente\/#breadcrumb"},"inLanguage":"en-US","potentialAction":[{"@type":"ReadAction","target":["https:\/\/alliance4universities.eu\/en\/pilar-grima-lorente\/"]}]},{"@type":"BreadcrumbList","@id":"https:\/\/alliance4universities.eu\/en\/pilar-grima-lorente\/#breadcrumb","itemListElement":[{"@type":"ListItem","position":1,"name":"Portada","item":"https:\/\/alliance4universities.eu\/en\/"},{"@type":"ListItem","position":2,"name":"Pilar Grima Lorente"}]},{"@type":"WebSite","@id":"https:\/\/alliance4universities.eu\/#website","url":"https:\/\/alliance4universities.eu\/","name":"Alliance4universities","description":"Alianza 4 universidades","potentialAction":[{"@type":"SearchAction","target":{"@type":"EntryPoint","urlTemplate":"https:\/\/alliance4universities.eu\/?s={search_term_string}"},"query-input":{"@type":"PropertyValueSpecification","valueRequired":true,"valueName":"search_term_string"}}],"inLanguage":"en-US"}]}},"_links":{"self":[{"href":"https:\/\/alliance4universities.eu\/en\/wp-json\/wp\/v2\/pages\/7366","targetHints":{"allow":["GET"]}}],"collection":[{"href":"https:\/\/alliance4universities.eu\/en\/wp-json\/wp\/v2\/pages"}],"about":[{"href":"https:\/\/alliance4universities.eu\/en\/wp-json\/wp\/v2\/types\/page"}],"author":[{"embeddable":true,"href":"https:\/\/alliance4universities.eu\/en\/wp-json\/wp\/v2\/users\/3"}],"replies":[{"embeddable":true,"href":"https:\/\/alliance4universities.eu\/en\/wp-json\/wp\/v2\/comments?post=7366"}],"version-history":[{"count":0,"href":"https:\/\/alliance4universities.eu\/en\/wp-json\/wp\/v2\/pages\/7366\/revisions"}],"wp:attachment":[{"href":"https:\/\/alliance4universities.eu\/en\/wp-json\/wp\/v2\/media?parent=7366"}],"curies":[{"name":"wp","href":"https:\/\/api.w.org\/{rel}","templated":true}]}}