{"id":7580,"date":"2018-11-07T16:30:23","date_gmt":"2018-11-07T16:30:23","guid":{"rendered":"http:\/\/alliance4universities.eu\/stefano-biagetti\/"},"modified":"2018-11-07T16:30:23","modified_gmt":"2018-11-07T16:30:23","slug":"stefano-biagetti","status":"publish","type":"page","link":"https:\/\/alliance4universities.eu\/en\/stefano-biagetti\/","title":{"rendered":"Stefano Biagetti"},"content":{"rendered":"<section  class='av_textblock_section av-av_textblock-35972167d9f102c5ddaec0c531c98b9e '   itemscope=\"itemscope\" itemtype=\"https:\/\/schema.org\/CreativeWork\" ><div class='avia_textblock'  itemprop=\"text\" ><p><strong>Stefano Biagetti<\/strong>, profesor de arqueolog\u00eda africana y de zonas \u00e1ridas en la Universitat Pompeu Fabra, realiz\u00f3 dos estancias: una en la Universidad de Witwatersrand\u00a0 en 2016, y otra en la de Universidad de Pretoria en 2017, ambas en Sud\u00e1frica.<\/p>\n<p><strong><em>\u201cOcup\u00e1ndome de arqueolog\u00eda africana, ha sido una experiencia incre\u00edble el dar clases a estudiantes de master y de grado en universidades africanas. Lo m\u00e1s interesante fue el intercambio de opiniones y los comentarios que recib\u00ed sobre los varios temas de mi clase: una pluralidad de perspectivas y puntos de vista que han enriquecido mis perspectivas como investigador y docente.<\/em><\/strong><\/p>\n<p><strong><em>Memorables han sido los momento pasados con los estudiantes despu\u00e9s de las clases, compartir ratos con ellos, escuchando sus aspiraciones e ideas, no solo sobre arqueolog\u00eda. Adem\u00e1s, la oportunidad de hacer reuniones de departamento con el personal de las dos instituciones ha sido una ocasi\u00f3n \u00fanica para ver desde adentro su funcionamiento. Erasmus+ es una experiencia no solo recomendable, si no que altamente formativa a todos los niveles.\u201d<\/em><\/strong><\/p>\n<\/div><\/section>\n\n<style type=\"text\/css\" data-created_by=\"avia_inline_auto\" id=\"style-css-av-av_gallery-ce66c829dcd7b3b012ba9ae68b74b2d8\">\n#top .avia-gallery.av-av_gallery-ce66c829dcd7b3b012ba9ae68b74b2d8 .avia-gallery-thumb a{\nwidth:20%;\n}\n<\/style>\n<div  class='avia-gallery av-av_gallery-ce66c829dcd7b3b012ba9ae68b74b2d8 avia_animate_when_visible  avia-builder-el-1  el_after_av_textblock  avia-builder-el-last  avia_lazyload avia-gallery-animate avia-gallery-1'  itemprop=\"image\" itemscope=\"itemscope\" itemtype=\"https:\/\/schema.org\/ImageObject\" ><meta itemprop=\"contentURL\" content=\"https:\/\/alliance4universities.eu\/en\/stefano-biagetti\/\"><div class='avia-gallery-thumb'><a href=\"https:\/\/alliance4universities.eu\/wp-content\/uploads\/2018\/11\/IMG-20170606-WA0008-1030x579.jpg\" data-srcset=\"https:\/\/alliance4universities.eu\/wp-content\/uploads\/2018\/11\/IMG-20170606-WA0008-1030x579.jpg 1030w, https:\/\/alliance4universities.eu\/wp-content\/uploads\/2018\/11\/IMG-20170606-WA0008-300x169.jpg 300w, https:\/\/alliance4universities.eu\/wp-content\/uploads\/2018\/11\/IMG-20170606-WA0008-768x432.jpg 768w, https:\/\/alliance4universities.eu\/wp-content\/uploads\/2018\/11\/IMG-20170606-WA0008-1500x844.jpg 1500w, https:\/\/alliance4universities.eu\/wp-content\/uploads\/2018\/11\/IMG-20170606-WA0008-705x397.jpg 705w, https:\/\/alliance4universities.eu\/wp-content\/uploads\/2018\/11\/IMG-20170606-WA0008-450x253.jpg 450w, https:\/\/alliance4universities.eu\/wp-content\/uploads\/2018\/11\/IMG-20170606-WA0008.jpg 1600w\" data-sizes=\"(max-width: 1030px) 100vw, 1030px\" data-rel='gallery-1' data-prev-img='https:\/\/alliance4universities.eu\/wp-content\/uploads\/2018\/11\/IMG-20170606-WA0008-495x400.jpg' class='first_thumb lightbox ' data-onclick='1' title='A4U Erasmus+'  itemprop=\"thumbnailUrl\"  ><img decoding=\"async\" fetchpriority=\"high\" class=\"wp-image-7578 avia-img-lazy-loading-not-7578\"  data-avia-tooltip='A4U Erasmus+' src=\"https:\/\/alliance4universities.eu\/wp-content\/uploads\/2018\/11\/IMG-20170606-WA0008-495x400.jpg\" width=\"495\" height=\"400\"  title='IMG-20170606-WA0008' alt='' srcset=\"https:\/\/alliance4universities.eu\/wp-content\/uploads\/2018\/11\/IMG-20170606-WA0008-495x400.jpg 495w, https:\/\/alliance4universities.eu\/wp-content\/uploads\/2018\/11\/IMG-20170606-WA0008-845x684.jpg 845w\" sizes=\"(max-width: 495px) 100vw, 495px\" \/><div class='big-prev-fake'><img decoding=\"async\" loading=\"lazy\" class=\"wp-image-7578 avia-img-lazy-loading-7578\"  width=\"495\" height=\"400\" src=\"https:\/\/alliance4universities.eu\/wp-content\/uploads\/2018\/11\/IMG-20170606-WA0008-495x400.jpg\" title='IMG-20170606-WA0008' alt='' srcset=\"https:\/\/alliance4universities.eu\/wp-content\/uploads\/2018\/11\/IMG-20170606-WA0008-495x400.jpg 495w, https:\/\/alliance4universities.eu\/wp-content\/uploads\/2018\/11\/IMG-20170606-WA0008-845x684.jpg 845w\" sizes=\"auto, (max-width: 495px) 100vw, 495px\" \/><\/div><\/a><a href=\"https:\/\/alliance4universities.eu\/wp-content\/uploads\/2018\/11\/IMG-20170601-WA0003-1030x773.jpg\" data-srcset=\"https:\/\/alliance4universities.eu\/wp-content\/uploads\/2018\/11\/IMG-20170601-WA0003-1030x773.jpg 1030w, https:\/\/alliance4universities.eu\/wp-content\/uploads\/2018\/11\/IMG-20170601-WA0003-300x225.jpg 300w, https:\/\/alliance4universities.eu\/wp-content\/uploads\/2018\/11\/IMG-20170601-WA0003-768x576.jpg 768w, https:\/\/alliance4universities.eu\/wp-content\/uploads\/2018\/11\/IMG-20170601-WA0003-705x529.jpg 705w, https:\/\/alliance4universities.eu\/wp-content\/uploads\/2018\/11\/IMG-20170601-WA0003-450x338.jpg 450w, https:\/\/alliance4universities.eu\/wp-content\/uploads\/2018\/11\/IMG-20170601-WA0003-400x300.jpg 400w, https:\/\/alliance4universities.eu\/wp-content\/uploads\/2018\/11\/IMG-20170601-WA0003.jpg 1280w\" data-sizes=\"(max-width: 1030px) 100vw, 1030px\" data-rel='gallery-1' data-prev-img='https:\/\/alliance4universities.eu\/wp-content\/uploads\/2018\/11\/IMG-20170601-WA0003-495x400.jpg' class='lightbox ' data-onclick='2' title='A4U Erasmus+'  itemprop=\"thumbnailUrl\"  ><img decoding=\"async\" fetchpriority=\"high\" class=\"wp-image-7576 avia-img-lazy-loading-not-7576\"  data-avia-tooltip='A4U Erasmus+' src=\"https:\/\/alliance4universities.eu\/wp-content\/uploads\/2018\/11\/IMG-20170601-WA0003-495x400.jpg\" width=\"495\" height=\"400\"  title='IMG-20170601-WA0003' alt='' srcset=\"https:\/\/alliance4universities.eu\/wp-content\/uploads\/2018\/11\/IMG-20170601-WA0003-495x400.jpg 495w, https:\/\/alliance4universities.eu\/wp-content\/uploads\/2018\/11\/IMG-20170601-WA0003-845x684.jpg 845w\" sizes=\"(max-width: 495px) 100vw, 495px\" \/><div class='big-prev-fake'><img decoding=\"async\" loading=\"lazy\" class=\"wp-image-7576 avia-img-lazy-loading-7576\"  width=\"495\" height=\"400\" src=\"https:\/\/alliance4universities.eu\/wp-content\/uploads\/2018\/11\/IMG-20170601-WA0003-495x400.jpg\" title='IMG-20170601-WA0003' alt='' srcset=\"https:\/\/alliance4universities.eu\/wp-content\/uploads\/2018\/11\/IMG-20170601-WA0003-495x400.jpg 495w, https:\/\/alliance4universities.eu\/wp-content\/uploads\/2018\/11\/IMG-20170601-WA0003-845x684.jpg 845w\" sizes=\"auto, (max-width: 495px) 100vw, 495px\" \/><\/div><\/a><\/div><\/div>\n","protected":false},"excerpt":{"rendered":"","protected":false},"author":3,"featured_media":0,"parent":0,"menu_order":0,"comment_status":"closed","ping_status":"closed","template":"","meta":{"footnotes":""},"class_list":["post-7580","page","type-page","status-publish","hentry"],"yoast_head":"<!-- This site is optimized with the Yoast SEO plugin v26.1.1 - https:\/\/yoast.com\/wordpress\/plugins\/seo\/ -->\n<title>Stefano Biagetti - Alliance4universities<\/title>\n<meta name=\"robots\" content=\"index, follow, max-snippet:-1, max-image-preview:large, max-video-preview:-1\" \/>\n<link rel=\"canonical\" href=\"https:\/\/alliance4universities.eu\/en\/stefano-biagetti\/\" \/>\n<meta property=\"og:locale\" content=\"en_US\" \/>\n<meta property=\"og:type\" content=\"article\" \/>\n<meta property=\"og:title\" content=\"Stefano Biagetti - Alliance4universities\" \/>\n<meta property=\"og:url\" content=\"https:\/\/alliance4universities.eu\/en\/stefano-biagetti\/\" \/>\n<meta property=\"og:site_name\" content=\"Alliance4universities\" \/>\n<meta name=\"twitter:card\" content=\"summary_large_image\" \/>\n<meta name=\"twitter:label1\" content=\"Est. reading time\" \/>\n\t<meta name=\"twitter:data1\" content=\"1 minute\" \/>\n<script type=\"application\/ld+json\" class=\"yoast-schema-graph\">{\"@context\":\"https:\/\/schema.org\",\"@graph\":[{\"@type\":\"WebPage\",\"@id\":\"https:\/\/alliance4universities.eu\/en\/stefano-biagetti\/\",\"url\":\"https:\/\/alliance4universities.eu\/en\/stefano-biagetti\/\",\"name\":\"Stefano Biagetti - Alliance4universities\",\"isPartOf\":{\"@id\":\"https:\/\/alliance4universities.eu\/#website\"},\"datePublished\":\"2018-11-07T16:30:23+00:00\",\"breadcrumb\":{\"@id\":\"https:\/\/alliance4universities.eu\/en\/stefano-biagetti\/#breadcrumb\"},\"inLanguage\":\"en-US\",\"potentialAction\":[{\"@type\":\"ReadAction\",\"target\":[\"https:\/\/alliance4universities.eu\/en\/stefano-biagetti\/\"]}]},{\"@type\":\"BreadcrumbList\",\"@id\":\"https:\/\/alliance4universities.eu\/en\/stefano-biagetti\/#breadcrumb\",\"itemListElement\":[{\"@type\":\"ListItem\",\"position\":1,\"name\":\"Portada\",\"item\":\"https:\/\/alliance4universities.eu\/en\/\"},{\"@type\":\"ListItem\",\"position\":2,\"name\":\"Stefano Biagetti\"}]},{\"@type\":\"WebSite\",\"@id\":\"https:\/\/alliance4universities.eu\/#website\",\"url\":\"https:\/\/alliance4universities.eu\/\",\"name\":\"Alliance4universities\",\"description\":\"Alianza 4 universidades\",\"potentialAction\":[{\"@type\":\"SearchAction\",\"target\":{\"@type\":\"EntryPoint\",\"urlTemplate\":\"https:\/\/alliance4universities.eu\/?s={search_term_string}\"},\"query-input\":{\"@type\":\"PropertyValueSpecification\",\"valueRequired\":true,\"valueName\":\"search_term_string\"}}],\"inLanguage\":\"en-US\"}]}<\/script>\n<!-- \/ Yoast SEO plugin. -->","yoast_head_json":{"title":"Stefano Biagetti - Alliance4universities","robots":{"index":"index","follow":"follow","max-snippet":"max-snippet:-1","max-image-preview":"max-image-preview:large","max-video-preview":"max-video-preview:-1"},"canonical":"https:\/\/alliance4universities.eu\/en\/stefano-biagetti\/","og_locale":"en_US","og_type":"article","og_title":"Stefano Biagetti - Alliance4universities","og_url":"https:\/\/alliance4universities.eu\/en\/stefano-biagetti\/","og_site_name":"Alliance4universities","twitter_card":"summary_large_image","twitter_misc":{"Est. reading time":"1 minute"},"schema":{"@context":"https:\/\/schema.org","@graph":[{"@type":"WebPage","@id":"https:\/\/alliance4universities.eu\/en\/stefano-biagetti\/","url":"https:\/\/alliance4universities.eu\/en\/stefano-biagetti\/","name":"Stefano Biagetti - Alliance4universities","isPartOf":{"@id":"https:\/\/alliance4universities.eu\/#website"},"datePublished":"2018-11-07T16:30:23+00:00","breadcrumb":{"@id":"https:\/\/alliance4universities.eu\/en\/stefano-biagetti\/#breadcrumb"},"inLanguage":"en-US","potentialAction":[{"@type":"ReadAction","target":["https:\/\/alliance4universities.eu\/en\/stefano-biagetti\/"]}]},{"@type":"BreadcrumbList","@id":"https:\/\/alliance4universities.eu\/en\/stefano-biagetti\/#breadcrumb","itemListElement":[{"@type":"ListItem","position":1,"name":"Portada","item":"https:\/\/alliance4universities.eu\/en\/"},{"@type":"ListItem","position":2,"name":"Stefano Biagetti"}]},{"@type":"WebSite","@id":"https:\/\/alliance4universities.eu\/#website","url":"https:\/\/alliance4universities.eu\/","name":"Alliance4universities","description":"Alianza 4 universidades","potentialAction":[{"@type":"SearchAction","target":{"@type":"EntryPoint","urlTemplate":"https:\/\/alliance4universities.eu\/?s={search_term_string}"},"query-input":{"@type":"PropertyValueSpecification","valueRequired":true,"valueName":"search_term_string"}}],"inLanguage":"en-US"}]}},"_links":{"self":[{"href":"https:\/\/alliance4universities.eu\/en\/wp-json\/wp\/v2\/pages\/7580","targetHints":{"allow":["GET"]}}],"collection":[{"href":"https:\/\/alliance4universities.eu\/en\/wp-json\/wp\/v2\/pages"}],"about":[{"href":"https:\/\/alliance4universities.eu\/en\/wp-json\/wp\/v2\/types\/page"}],"author":[{"embeddable":true,"href":"https:\/\/alliance4universities.eu\/en\/wp-json\/wp\/v2\/users\/3"}],"replies":[{"embeddable":true,"href":"https:\/\/alliance4universities.eu\/en\/wp-json\/wp\/v2\/comments?post=7580"}],"version-history":[{"count":0,"href":"https:\/\/alliance4universities.eu\/en\/wp-json\/wp\/v2\/pages\/7580\/revisions"}],"wp:attachment":[{"href":"https:\/\/alliance4universities.eu\/en\/wp-json\/wp\/v2\/media?parent=7580"}],"curies":[{"name":"wp","href":"https:\/\/api.w.org\/{rel}","templated":true}]}}