{"id":7589,"date":"2018-11-07T16:49:35","date_gmt":"2018-11-07T16:49:35","guid":{"rendered":"http:\/\/alliance4universities.eu\/aaron-portero-fandino\/"},"modified":"2018-11-09T12:46:20","modified_gmt":"2018-11-09T12:46:20","slug":"aaron-portero-fandino","status":"publish","type":"page","link":"https:\/\/alliance4universities.eu\/en\/aaron-portero-fandino\/","title":{"rendered":"Aar\u00f3n Portero Fandi\u00f1o"},"content":{"rendered":"<section  class='av_textblock_section av-av_textblock-35972167d9f102c5ddaec0c531c98b9e '   itemscope=\"itemscope\" itemtype=\"https:\/\/schema.org\/CreativeWork\" ><div class='avia_textblock'  itemprop=\"text\" ><p><strong>Aar\u00f3n Portero Fandi\u00f1o<\/strong>, estudiante de M\u00e1ster en Derecho en la UAB realiz\u00f3 una estancia en RANEPA (Mosc\u00fa, Rusia) durante 6 meses en 2017. Asisti\u00f3 a clases de Derecho Internacional, Relaciones Internacionales, Negociaciones Internacionales, Igualdad de G\u00e9nero Internacional, Traducci\u00f3n Ingl\u00e9s \u2013 Ruso, y clases de ruso, entre otras.\u00a0 Actualmente es abogado en ejercicio y trabaja en Dubai, Emiratos \u00c1rabes Unidos.<\/p>\n<p><strong><em>\u201cPreviamente ya hab\u00eda estudiado en el extranjero, concretamente en Oslo, Noruega. Esta experiencia en Mosc\u00fa me ha ayudado a tener m\u00e1s salidas profesionales, conocer una cultura muy interesante y vivir una experiencia inolvidable. <\/em><\/strong><\/p>\n<p><strong><em>\u00bfUn recuerdo especial? Como es de esperar, el frio. El segundo d\u00eda que llegamos a Mosc\u00fa hac\u00eda una temperatura de -27\u00baC y tuvimos la genial idea de ir a visitar el Kremlin. \u00cdbamos equipados, con buenos abrigos, pantalones t\u00e9rmicos, guantes, gorro y todo lo que se pueda uno imaginar para no tener frio. Cuando llegamos al Kremlin, no hab\u00eda nadie, solo un grupo de personas de nacionalidad China congelados (como nosotros). La gracia es que incluso con guantes se nos congelaron los dedos. <\/em><\/strong><\/p>\n<p><strong><em>Es sorprendente el tiempo que hace a partir de marzo-abril, hace una temperatura y tiempo incre\u00edbles para dar un paseo y conocer la ciudad. Recomiendo hacer viajes por toda Rusia, aunque sea durante un par de d\u00edas y visitar ciudades tales como San Petersburgo, Kaz\u00e1n, Sochi.<\/em><\/strong><\/p>\n<p><strong><em>Por \u00faltimo, hay que se\u00f1alar debido a los prejuicios que hay con las personas de nacionalidad rusa, que nunca tuvimos ning\u00fan problema de ning\u00fan tipo y solo conoc\u00ed a gente de Rusia, Kazajist\u00e1n (y otros) con los que a\u00fan guardo una muy buena relaci\u00f3n\u201d.<\/em><\/strong><\/p>\n<\/div><\/section>\n\n<style type=\"text\/css\" data-created_by=\"avia_inline_auto\" id=\"style-css-av-av_gallery-f61738f6f3a40742919d5de78f7054cc\">\n#top .avia-gallery.av-av_gallery-f61738f6f3a40742919d5de78f7054cc .avia-gallery-thumb a{\nwidth:20%;\n}\n<\/style>\n<div  class='avia-gallery av-av_gallery-f61738f6f3a40742919d5de78f7054cc avia_animate_when_visible  avia-builder-el-1  el_after_av_textblock  avia-builder-el-last  avia_lazyload avia-gallery-animate avia-gallery-1'  itemprop=\"image\" itemscope=\"itemscope\" itemtype=\"https:\/\/schema.org\/ImageObject\" ><meta itemprop=\"contentURL\" content=\"https:\/\/alliance4universities.eu\/en\/aaron-portero-fandino\/\"><div class='avia-gallery-thumb'><a href=\"https:\/\/alliance4universities.eu\/wp-content\/uploads\/2018\/11\/Kremlin.jpg\" data-srcset=\"https:\/\/alliance4universities.eu\/wp-content\/uploads\/2018\/11\/Kremlin.jpg 960w, https:\/\/alliance4universities.eu\/wp-content\/uploads\/2018\/11\/Kremlin-300x225.jpg 300w, https:\/\/alliance4universities.eu\/wp-content\/uploads\/2018\/11\/Kremlin-768x576.jpg 768w, https:\/\/alliance4universities.eu\/wp-content\/uploads\/2018\/11\/Kremlin-705x529.jpg 705w, https:\/\/alliance4universities.eu\/wp-content\/uploads\/2018\/11\/Kremlin-450x338.jpg 450w, https:\/\/alliance4universities.eu\/wp-content\/uploads\/2018\/11\/Kremlin-400x300.jpg 400w\" data-sizes=\"(max-width: 960px) 100vw, 960px\" data-rel='gallery-1' data-prev-img='https:\/\/alliance4universities.eu\/wp-content\/uploads\/2018\/11\/Kremlin-495x400.jpg' class='first_thumb lightbox ' data-onclick='1' title='Kremlin'  itemprop=\"thumbnailUrl\"  ><img decoding=\"async\" fetchpriority=\"high\" class=\"wp-image-7587 avia-img-lazy-loading-not-7587\"   src=\"https:\/\/alliance4universities.eu\/wp-content\/uploads\/2018\/11\/Kremlin-495x400.jpg\" width=\"495\" height=\"400\"  title='Kremlin' alt='' srcset=\"https:\/\/alliance4universities.eu\/wp-content\/uploads\/2018\/11\/Kremlin-495x400.jpg 495w, https:\/\/alliance4universities.eu\/wp-content\/uploads\/2018\/11\/Kremlin-845x684.jpg 845w\" sizes=\"(max-width: 495px) 100vw, 495px\" \/><div class='big-prev-fake'><img decoding=\"async\" loading=\"lazy\" class=\"wp-image-7587 avia-img-lazy-loading-7587\"  width=\"495\" height=\"400\" src=\"https:\/\/alliance4universities.eu\/wp-content\/uploads\/2018\/11\/Kremlin-495x400.jpg\" title='Kremlin' alt='' srcset=\"https:\/\/alliance4universities.eu\/wp-content\/uploads\/2018\/11\/Kremlin-495x400.jpg 495w, https:\/\/alliance4universities.eu\/wp-content\/uploads\/2018\/11\/Kremlin-845x684.jpg 845w\" sizes=\"auto, (max-width: 495px) 100vw, 495px\" \/><\/div><\/a><\/div><\/div>\n","protected":false},"excerpt":{"rendered":"","protected":false},"author":3,"featured_media":0,"parent":0,"menu_order":0,"comment_status":"closed","ping_status":"closed","template":"","meta":{"footnotes":""},"class_list":["post-7589","page","type-page","status-publish","hentry"],"yoast_head":"<!-- This site is optimized with the Yoast SEO plugin v26.1.1 - https:\/\/yoast.com\/wordpress\/plugins\/seo\/ -->\n<title>Aar\u00f3n Portero Fandi\u00f1o - Alliance4universities<\/title>\n<meta name=\"robots\" content=\"index, follow, max-snippet:-1, max-image-preview:large, max-video-preview:-1\" \/>\n<link rel=\"canonical\" href=\"https:\/\/alliance4universities.eu\/en\/aaron-portero-fandino\/\" \/>\n<meta property=\"og:locale\" content=\"en_US\" \/>\n<meta property=\"og:type\" content=\"article\" \/>\n<meta property=\"og:title\" content=\"Aar\u00f3n Portero Fandi\u00f1o - Alliance4universities\" \/>\n<meta property=\"og:url\" content=\"https:\/\/alliance4universities.eu\/en\/aaron-portero-fandino\/\" \/>\n<meta property=\"og:site_name\" content=\"Alliance4universities\" \/>\n<meta property=\"article:modified_time\" content=\"2018-11-09T12:46:20+00:00\" \/>\n<meta name=\"twitter:card\" content=\"summary_large_image\" \/>\n<meta name=\"twitter:label1\" content=\"Est. reading time\" \/>\n\t<meta name=\"twitter:data1\" content=\"2 minutes\" \/>\n<script type=\"application\/ld+json\" class=\"yoast-schema-graph\">{\"@context\":\"https:\/\/schema.org\",\"@graph\":[{\"@type\":\"WebPage\",\"@id\":\"https:\/\/alliance4universities.eu\/en\/aaron-portero-fandino\/\",\"url\":\"https:\/\/alliance4universities.eu\/en\/aaron-portero-fandino\/\",\"name\":\"Aar\u00f3n Portero Fandi\u00f1o - Alliance4universities\",\"isPartOf\":{\"@id\":\"https:\/\/alliance4universities.eu\/#website\"},\"datePublished\":\"2018-11-07T16:49:35+00:00\",\"dateModified\":\"2018-11-09T12:46:20+00:00\",\"breadcrumb\":{\"@id\":\"https:\/\/alliance4universities.eu\/en\/aaron-portero-fandino\/#breadcrumb\"},\"inLanguage\":\"en-US\",\"potentialAction\":[{\"@type\":\"ReadAction\",\"target\":[\"https:\/\/alliance4universities.eu\/en\/aaron-portero-fandino\/\"]}]},{\"@type\":\"BreadcrumbList\",\"@id\":\"https:\/\/alliance4universities.eu\/en\/aaron-portero-fandino\/#breadcrumb\",\"itemListElement\":[{\"@type\":\"ListItem\",\"position\":1,\"name\":\"Portada\",\"item\":\"https:\/\/alliance4universities.eu\/en\/\"},{\"@type\":\"ListItem\",\"position\":2,\"name\":\"Aar\u00f3n Portero Fandi\u00f1o\"}]},{\"@type\":\"WebSite\",\"@id\":\"https:\/\/alliance4universities.eu\/#website\",\"url\":\"https:\/\/alliance4universities.eu\/\",\"name\":\"Alliance4universities\",\"description\":\"Alianza 4 universidades\",\"potentialAction\":[{\"@type\":\"SearchAction\",\"target\":{\"@type\":\"EntryPoint\",\"urlTemplate\":\"https:\/\/alliance4universities.eu\/?s={search_term_string}\"},\"query-input\":{\"@type\":\"PropertyValueSpecification\",\"valueRequired\":true,\"valueName\":\"search_term_string\"}}],\"inLanguage\":\"en-US\"}]}<\/script>\n<!-- \/ Yoast SEO plugin. -->","yoast_head_json":{"title":"Aar\u00f3n Portero Fandi\u00f1o - Alliance4universities","robots":{"index":"index","follow":"follow","max-snippet":"max-snippet:-1","max-image-preview":"max-image-preview:large","max-video-preview":"max-video-preview:-1"},"canonical":"https:\/\/alliance4universities.eu\/en\/aaron-portero-fandino\/","og_locale":"en_US","og_type":"article","og_title":"Aar\u00f3n Portero Fandi\u00f1o - Alliance4universities","og_url":"https:\/\/alliance4universities.eu\/en\/aaron-portero-fandino\/","og_site_name":"Alliance4universities","article_modified_time":"2018-11-09T12:46:20+00:00","twitter_card":"summary_large_image","twitter_misc":{"Est. reading time":"2 minutes"},"schema":{"@context":"https:\/\/schema.org","@graph":[{"@type":"WebPage","@id":"https:\/\/alliance4universities.eu\/en\/aaron-portero-fandino\/","url":"https:\/\/alliance4universities.eu\/en\/aaron-portero-fandino\/","name":"Aar\u00f3n Portero Fandi\u00f1o - Alliance4universities","isPartOf":{"@id":"https:\/\/alliance4universities.eu\/#website"},"datePublished":"2018-11-07T16:49:35+00:00","dateModified":"2018-11-09T12:46:20+00:00","breadcrumb":{"@id":"https:\/\/alliance4universities.eu\/en\/aaron-portero-fandino\/#breadcrumb"},"inLanguage":"en-US","potentialAction":[{"@type":"ReadAction","target":["https:\/\/alliance4universities.eu\/en\/aaron-portero-fandino\/"]}]},{"@type":"BreadcrumbList","@id":"https:\/\/alliance4universities.eu\/en\/aaron-portero-fandino\/#breadcrumb","itemListElement":[{"@type":"ListItem","position":1,"name":"Portada","item":"https:\/\/alliance4universities.eu\/en\/"},{"@type":"ListItem","position":2,"name":"Aar\u00f3n Portero Fandi\u00f1o"}]},{"@type":"WebSite","@id":"https:\/\/alliance4universities.eu\/#website","url":"https:\/\/alliance4universities.eu\/","name":"Alliance4universities","description":"Alianza 4 universidades","potentialAction":[{"@type":"SearchAction","target":{"@type":"EntryPoint","urlTemplate":"https:\/\/alliance4universities.eu\/?s={search_term_string}"},"query-input":{"@type":"PropertyValueSpecification","valueRequired":true,"valueName":"search_term_string"}}],"inLanguage":"en-US"}]}},"_links":{"self":[{"href":"https:\/\/alliance4universities.eu\/en\/wp-json\/wp\/v2\/pages\/7589","targetHints":{"allow":["GET"]}}],"collection":[{"href":"https:\/\/alliance4universities.eu\/en\/wp-json\/wp\/v2\/pages"}],"about":[{"href":"https:\/\/alliance4universities.eu\/en\/wp-json\/wp\/v2\/types\/page"}],"author":[{"embeddable":true,"href":"https:\/\/alliance4universities.eu\/en\/wp-json\/wp\/v2\/users\/3"}],"replies":[{"embeddable":true,"href":"https:\/\/alliance4universities.eu\/en\/wp-json\/wp\/v2\/comments?post=7589"}],"version-history":[{"count":3,"href":"https:\/\/alliance4universities.eu\/en\/wp-json\/wp\/v2\/pages\/7589\/revisions"}],"predecessor-version":[{"id":7665,"href":"https:\/\/alliance4universities.eu\/en\/wp-json\/wp\/v2\/pages\/7589\/revisions\/7665"}],"wp:attachment":[{"href":"https:\/\/alliance4universities.eu\/en\/wp-json\/wp\/v2\/media?parent=7589"}],"curies":[{"name":"wp","href":"https:\/\/api.w.org\/{rel}","templated":true}]}}