{"id":7610,"date":"2018-11-07T17:14:31","date_gmt":"2018-11-07T17:14:31","guid":{"rendered":"http:\/\/alliance4universities.eu\/maria-cuesta-lopez\/"},"modified":"2018-11-07T17:14:31","modified_gmt":"2018-11-07T17:14:31","slug":"maria-cuesta-lopez","status":"publish","type":"page","link":"https:\/\/alliance4universities.eu\/en\/maria-cuesta-lopez\/","title":{"rendered":"Mar\u00eda Cuesta L\u00f3pez"},"content":{"rendered":"<section  class='av_textblock_section av-av_textblock-35972167d9f102c5ddaec0c531c98b9e '   itemscope=\"itemscope\" itemtype=\"https:\/\/schema.org\/CreativeWork\" ><div class='avia_textblock'  itemprop=\"text\" ><p><strong>Mar\u00eda Cuesta L\u00f3pez<\/strong>, una estudiante de grado en Econom\u00eda en la Universidad Aut\u00f3noma de Madrid, realiz\u00f3 su estancia Erasmus+ en la Higher School of Economics en Mosc\u00fa en 2016.<\/p>\n<p><strong><em>\u201cMi experiencia de movilidad me ha ayudado much\u00edsimo en distintos aspectos de mi vida. En primer lugar, me ha permitido encontrar mejores pr\u00e1cticas. A nivel personal, quiz\u00e1s la parte que m\u00e1s valoro de la experiencia, he logrado aumentar la empat\u00eda, conocer a gente de distintas partes del mundo y a la vez ser capaz de comprender, entender y conocer distintas culturas.<\/em><\/strong><\/p>\n<p><strong><em>El recuerdo con el que me quedo es el haber conocido a personas maravillosas con las que a\u00fan tengo contacto, en especial a mi amiga Anna, una chica rusa que conoc\u00ed al principio de mi estancia la cual incluso ha venido a verme a Espa\u00f1a y la pude ense\u00f1ar el pueblo donde naci\u00f3 mi madre, convirti\u00e9ndose en su lugar favorito.<\/em><\/strong><\/p>\n<p><strong><em>De Rusia me sorprendi\u00f3 mucho el car\u00e1cter de los rusos. Al principio distante, pero luego se pueden convertir en amigos para toda la vida siendo amigables y cercanos. Recomendar\u00eda a todo el mundo que quisiese un destino distinto ir a Mosc\u00fa, es un pa\u00eds especial y que requiere de tiempo conocer su alma y su gente, adem\u00e1s no hay muchas oportunidades de vivir un verdadero invierno ruso. \u00a1Se sobrevive! <\/em><\/strong><\/p>\n<p><strong><em>Tengo muchas fotos en mi cuenta de Facebook que me gustar\u00eda compartir con todo el mundo dispuesto a vivir la experiencia. A continuaci\u00f3n dejo el link de mi Facebook: <a href=\"https:\/\/www.facebook.com\/maria.cuestalopez.3\">https:\/\/www.facebook.com\/maria.cuestalopez.3<\/a> \u201c<\/em><\/strong><\/p>\n<\/div><\/section>\n\n<style type=\"text\/css\" data-created_by=\"avia_inline_auto\" id=\"style-css-av-av_gallery-3aefabc6a6281d947fa95632d2a4bc89\">\n#top .avia-gallery.av-av_gallery-3aefabc6a6281d947fa95632d2a4bc89 .avia-gallery-thumb a{\nwidth:20%;\n}\n<\/style>\n<div  class='avia-gallery av-av_gallery-3aefabc6a6281d947fa95632d2a4bc89 avia_animate_when_visible  avia-builder-el-1  el_after_av_textblock  avia-builder-el-last  avia_lazyload avia-gallery-animate avia-gallery-1'  itemprop=\"image\" itemscope=\"itemscope\" itemtype=\"https:\/\/schema.org\/ImageObject\" ><meta itemprop=\"contentURL\" content=\"https:\/\/alliance4universities.eu\/en\/maria-cuesta-lopez\/\"><div class='avia-gallery-thumb'><a href=\"https:\/\/alliance4universities.eu\/wp-content\/uploads\/2018\/11\/Pic-1030x773.jpeg\" data-srcset=\"https:\/\/alliance4universities.eu\/wp-content\/uploads\/2018\/11\/Pic-1030x773.jpeg 1030w, https:\/\/alliance4universities.eu\/wp-content\/uploads\/2018\/11\/Pic-300x225.jpeg 300w, https:\/\/alliance4universities.eu\/wp-content\/uploads\/2018\/11\/Pic-768x576.jpeg 768w, https:\/\/alliance4universities.eu\/wp-content\/uploads\/2018\/11\/Pic-1500x1125.jpeg 1500w, https:\/\/alliance4universities.eu\/wp-content\/uploads\/2018\/11\/Pic-705x529.jpeg 705w, https:\/\/alliance4universities.eu\/wp-content\/uploads\/2018\/11\/Pic-450x338.jpeg 450w, https:\/\/alliance4universities.eu\/wp-content\/uploads\/2018\/11\/Pic-400x300.jpeg 400w, https:\/\/alliance4universities.eu\/wp-content\/uploads\/2018\/11\/Pic.jpeg 2048w\" data-sizes=\"(max-width: 1030px) 100vw, 1030px\" data-rel='gallery-1' data-prev-img='https:\/\/alliance4universities.eu\/wp-content\/uploads\/2018\/11\/Pic-495x400.jpeg' class='first_thumb lightbox ' data-onclick='1' title='A4U Erasmus+'  itemprop=\"thumbnailUrl\"  ><img decoding=\"async\" fetchpriority=\"high\" class=\"wp-image-7608 avia-img-lazy-loading-not-7608\"  data-avia-tooltip='A4U Erasmus+' src=\"https:\/\/alliance4universities.eu\/wp-content\/uploads\/2018\/11\/Pic-495x400.jpeg\" width=\"495\" height=\"400\"  title='Pic' alt='' srcset=\"https:\/\/alliance4universities.eu\/wp-content\/uploads\/2018\/11\/Pic-495x400.jpeg 495w, https:\/\/alliance4universities.eu\/wp-content\/uploads\/2018\/11\/Pic-845x684.jpeg 845w\" sizes=\"(max-width: 495px) 100vw, 495px\" \/><div class='big-prev-fake'><img decoding=\"async\" loading=\"lazy\" class=\"wp-image-7608 avia-img-lazy-loading-7608\"  width=\"495\" height=\"400\" src=\"https:\/\/alliance4universities.eu\/wp-content\/uploads\/2018\/11\/Pic-495x400.jpeg\" title='Pic' alt='' srcset=\"https:\/\/alliance4universities.eu\/wp-content\/uploads\/2018\/11\/Pic-495x400.jpeg 495w, https:\/\/alliance4universities.eu\/wp-content\/uploads\/2018\/11\/Pic-845x684.jpeg 845w\" sizes=\"auto, (max-width: 495px) 100vw, 495px\" \/><\/div><\/a><a href=\"https:\/\/alliance4universities.eu\/wp-content\/uploads\/2018\/11\/Pic-1-1030x686.jpeg\" data-srcset=\"https:\/\/alliance4universities.eu\/wp-content\/uploads\/2018\/11\/Pic-1-1030x686.jpeg 1030w, https:\/\/alliance4universities.eu\/wp-content\/uploads\/2018\/11\/Pic-1-300x200.jpeg 300w, https:\/\/alliance4universities.eu\/wp-content\/uploads\/2018\/11\/Pic-1-768x512.jpeg 768w, https:\/\/alliance4universities.eu\/wp-content\/uploads\/2018\/11\/Pic-1-1500x1000.jpeg 1500w, https:\/\/alliance4universities.eu\/wp-content\/uploads\/2018\/11\/Pic-1-705x470.jpeg 705w, https:\/\/alliance4universities.eu\/wp-content\/uploads\/2018\/11\/Pic-1-450x300.jpeg 450w, https:\/\/alliance4universities.eu\/wp-content\/uploads\/2018\/11\/Pic-1.jpeg 2048w\" data-sizes=\"(max-width: 1030px) 100vw, 1030px\" data-rel='gallery-1' data-prev-img='https:\/\/alliance4universities.eu\/wp-content\/uploads\/2018\/11\/Pic-1-495x400.jpeg' class='lightbox ' data-onclick='2' title='A4U Erasmus+'  itemprop=\"thumbnailUrl\"  ><img decoding=\"async\" fetchpriority=\"high\" class=\"wp-image-7606 avia-img-lazy-loading-not-7606\"  data-avia-tooltip='A4U Erasmus+' src=\"https:\/\/alliance4universities.eu\/wp-content\/uploads\/2018\/11\/Pic-1-495x400.jpeg\" width=\"495\" height=\"400\"  title='Pic 1' alt='' srcset=\"https:\/\/alliance4universities.eu\/wp-content\/uploads\/2018\/11\/Pic-1-495x400.jpeg 495w, https:\/\/alliance4universities.eu\/wp-content\/uploads\/2018\/11\/Pic-1-845x684.jpeg 845w\" sizes=\"(max-width: 495px) 100vw, 495px\" \/><div class='big-prev-fake'><img decoding=\"async\" loading=\"lazy\" class=\"wp-image-7606 avia-img-lazy-loading-7606\"  width=\"495\" height=\"400\" src=\"https:\/\/alliance4universities.eu\/wp-content\/uploads\/2018\/11\/Pic-1-495x400.jpeg\" title='Pic 1' alt='' srcset=\"https:\/\/alliance4universities.eu\/wp-content\/uploads\/2018\/11\/Pic-1-495x400.jpeg 495w, https:\/\/alliance4universities.eu\/wp-content\/uploads\/2018\/11\/Pic-1-845x684.jpeg 845w\" sizes=\"auto, (max-width: 495px) 100vw, 495px\" \/><\/div><\/a><\/div><\/div>\n","protected":false},"excerpt":{"rendered":"","protected":false},"author":3,"featured_media":0,"parent":0,"menu_order":0,"comment_status":"closed","ping_status":"closed","template":"","meta":{"footnotes":""},"class_list":["post-7610","page","type-page","status-publish","hentry"],"yoast_head":"<!-- This site is optimized with the Yoast SEO plugin v26.1.1 - https:\/\/yoast.com\/wordpress\/plugins\/seo\/ -->\n<title>Mar\u00eda Cuesta L\u00f3pez - Alliance4universities<\/title>\n<meta name=\"robots\" content=\"index, follow, max-snippet:-1, max-image-preview:large, max-video-preview:-1\" \/>\n<link rel=\"canonical\" href=\"https:\/\/alliance4universities.eu\/en\/maria-cuesta-lopez\/\" \/>\n<meta property=\"og:locale\" content=\"en_US\" \/>\n<meta property=\"og:type\" content=\"article\" \/>\n<meta property=\"og:title\" content=\"Mar\u00eda Cuesta L\u00f3pez - Alliance4universities\" \/>\n<meta property=\"og:url\" content=\"https:\/\/alliance4universities.eu\/en\/maria-cuesta-lopez\/\" \/>\n<meta property=\"og:site_name\" content=\"Alliance4universities\" \/>\n<meta name=\"twitter:card\" content=\"summary_large_image\" \/>\n<meta name=\"twitter:label1\" content=\"Est. reading time\" \/>\n\t<meta name=\"twitter:data1\" content=\"2 minutes\" \/>\n<script type=\"application\/ld+json\" class=\"yoast-schema-graph\">{\"@context\":\"https:\/\/schema.org\",\"@graph\":[{\"@type\":\"WebPage\",\"@id\":\"https:\/\/alliance4universities.eu\/en\/maria-cuesta-lopez\/\",\"url\":\"https:\/\/alliance4universities.eu\/en\/maria-cuesta-lopez\/\",\"name\":\"Mar\u00eda Cuesta L\u00f3pez - Alliance4universities\",\"isPartOf\":{\"@id\":\"https:\/\/alliance4universities.eu\/#website\"},\"datePublished\":\"2018-11-07T17:14:31+00:00\",\"breadcrumb\":{\"@id\":\"https:\/\/alliance4universities.eu\/en\/maria-cuesta-lopez\/#breadcrumb\"},\"inLanguage\":\"en-US\",\"potentialAction\":[{\"@type\":\"ReadAction\",\"target\":[\"https:\/\/alliance4universities.eu\/en\/maria-cuesta-lopez\/\"]}]},{\"@type\":\"BreadcrumbList\",\"@id\":\"https:\/\/alliance4universities.eu\/en\/maria-cuesta-lopez\/#breadcrumb\",\"itemListElement\":[{\"@type\":\"ListItem\",\"position\":1,\"name\":\"Portada\",\"item\":\"https:\/\/alliance4universities.eu\/en\/\"},{\"@type\":\"ListItem\",\"position\":2,\"name\":\"Mar\u00eda Cuesta L\u00f3pez\"}]},{\"@type\":\"WebSite\",\"@id\":\"https:\/\/alliance4universities.eu\/#website\",\"url\":\"https:\/\/alliance4universities.eu\/\",\"name\":\"Alliance4universities\",\"description\":\"Alianza 4 universidades\",\"potentialAction\":[{\"@type\":\"SearchAction\",\"target\":{\"@type\":\"EntryPoint\",\"urlTemplate\":\"https:\/\/alliance4universities.eu\/?s={search_term_string}\"},\"query-input\":{\"@type\":\"PropertyValueSpecification\",\"valueRequired\":true,\"valueName\":\"search_term_string\"}}],\"inLanguage\":\"en-US\"}]}<\/script>\n<!-- \/ Yoast SEO plugin. -->","yoast_head_json":{"title":"Mar\u00eda Cuesta L\u00f3pez - Alliance4universities","robots":{"index":"index","follow":"follow","max-snippet":"max-snippet:-1","max-image-preview":"max-image-preview:large","max-video-preview":"max-video-preview:-1"},"canonical":"https:\/\/alliance4universities.eu\/en\/maria-cuesta-lopez\/","og_locale":"en_US","og_type":"article","og_title":"Mar\u00eda Cuesta L\u00f3pez - Alliance4universities","og_url":"https:\/\/alliance4universities.eu\/en\/maria-cuesta-lopez\/","og_site_name":"Alliance4universities","twitter_card":"summary_large_image","twitter_misc":{"Est. reading time":"2 minutes"},"schema":{"@context":"https:\/\/schema.org","@graph":[{"@type":"WebPage","@id":"https:\/\/alliance4universities.eu\/en\/maria-cuesta-lopez\/","url":"https:\/\/alliance4universities.eu\/en\/maria-cuesta-lopez\/","name":"Mar\u00eda Cuesta L\u00f3pez - Alliance4universities","isPartOf":{"@id":"https:\/\/alliance4universities.eu\/#website"},"datePublished":"2018-11-07T17:14:31+00:00","breadcrumb":{"@id":"https:\/\/alliance4universities.eu\/en\/maria-cuesta-lopez\/#breadcrumb"},"inLanguage":"en-US","potentialAction":[{"@type":"ReadAction","target":["https:\/\/alliance4universities.eu\/en\/maria-cuesta-lopez\/"]}]},{"@type":"BreadcrumbList","@id":"https:\/\/alliance4universities.eu\/en\/maria-cuesta-lopez\/#breadcrumb","itemListElement":[{"@type":"ListItem","position":1,"name":"Portada","item":"https:\/\/alliance4universities.eu\/en\/"},{"@type":"ListItem","position":2,"name":"Mar\u00eda Cuesta L\u00f3pez"}]},{"@type":"WebSite","@id":"https:\/\/alliance4universities.eu\/#website","url":"https:\/\/alliance4universities.eu\/","name":"Alliance4universities","description":"Alianza 4 universidades","potentialAction":[{"@type":"SearchAction","target":{"@type":"EntryPoint","urlTemplate":"https:\/\/alliance4universities.eu\/?s={search_term_string}"},"query-input":{"@type":"PropertyValueSpecification","valueRequired":true,"valueName":"search_term_string"}}],"inLanguage":"en-US"}]}},"_links":{"self":[{"href":"https:\/\/alliance4universities.eu\/en\/wp-json\/wp\/v2\/pages\/7610","targetHints":{"allow":["GET"]}}],"collection":[{"href":"https:\/\/alliance4universities.eu\/en\/wp-json\/wp\/v2\/pages"}],"about":[{"href":"https:\/\/alliance4universities.eu\/en\/wp-json\/wp\/v2\/types\/page"}],"author":[{"embeddable":true,"href":"https:\/\/alliance4universities.eu\/en\/wp-json\/wp\/v2\/users\/3"}],"replies":[{"embeddable":true,"href":"https:\/\/alliance4universities.eu\/en\/wp-json\/wp\/v2\/comments?post=7610"}],"version-history":[{"count":0,"href":"https:\/\/alliance4universities.eu\/en\/wp-json\/wp\/v2\/pages\/7610\/revisions"}],"wp:attachment":[{"href":"https:\/\/alliance4universities.eu\/en\/wp-json\/wp\/v2\/media?parent=7610"}],"curies":[{"name":"wp","href":"https:\/\/api.w.org\/{rel}","templated":true}]}}