{"id":7619,"date":"2018-11-07T17:23:42","date_gmt":"2018-11-07T17:23:42","guid":{"rendered":"http:\/\/alliance4universities.eu\/roberto-calles-ballesteros\/"},"modified":"2018-11-07T17:23:42","modified_gmt":"2018-11-07T17:23:42","slug":"roberto-calles-ballesteros","status":"publish","type":"page","link":"https:\/\/alliance4universities.eu\/en\/roberto-calles-ballesteros\/","title":{"rendered":"Roberto Calles Ballesteros"},"content":{"rendered":"<section  class='av_textblock_section av-av_textblock-35972167d9f102c5ddaec0c531c98b9e '   itemscope=\"itemscope\" itemtype=\"https:\/\/schema.org\/CreativeWork\" ><div class='avia_textblock'  itemprop=\"text\" ><p><strong>Roberto Calles Ballesteros, <\/strong>estudiante de grado en Econom\u00eda y Derecho en la Universidad Aut\u00f3noma de Madrid, estudi\u00f3 en la Higher School of Economics en Mosc\u00fa en oto\u00f1o de 2016.<\/p>\n<p><em><strong>\u201cEste proyecto me ayud\u00f3 a mejorar mi nivel de ingl\u00e9s, sobretodo en t\u00e9rminos t\u00e9cnicos jur\u00eddicos y econ\u00f3micos, y consegu\u00ed un nivel b\u00e1sico de ruso. Conoc\u00ed a personas estupendas de todo el mundo con las que viaj\u00e9 por Rusia. Adem\u00e1s, creo que la experiencia me ayud\u00f3 para conseguir pr\u00e1cticas en empresas pues ha aportado diversidad a mi curriculum. En el \u00e1mbito acad\u00e9mico me encant\u00f3 conocer otros m\u00e9todos de ense\u00f1anza y haber tenido la ocasi\u00f3n de aprender ruso.<\/strong><\/em><\/p>\n<p><em><strong>Lo recomendar\u00eda, y de hecho lo hago, a todo el que me pregunta. Me parece un destino incre\u00edble y me hubiera quedado m\u00e1s tiempo de haber podido. De hecho tengo intenci\u00f3n de volver cuando tenga ocasi\u00f3n.\u201d<\/strong><\/em><\/p>\n<\/div><\/section>\n\n<style type=\"text\/css\" data-created_by=\"avia_inline_auto\" id=\"style-css-av-av_gallery-1178c786fd0366627a902fa15b7593a6\">\n#top .avia-gallery.av-av_gallery-1178c786fd0366627a902fa15b7593a6 .avia-gallery-thumb a{\nwidth:20%;\n}\n<\/style>\n<div  class='avia-gallery av-av_gallery-1178c786fd0366627a902fa15b7593a6 avia_animate_when_visible  avia-builder-el-1  el_after_av_textblock  avia-builder-el-last  avia_lazyload avia-gallery-animate avia-gallery-1'  itemprop=\"image\" itemscope=\"itemscope\" itemtype=\"https:\/\/schema.org\/ImageObject\" ><meta itemprop=\"contentURL\" content=\"https:\/\/alliance4universities.eu\/en\/roberto-calles-ballesteros\/\"><div class='avia-gallery-thumb'><a href=\"https:\/\/alliance4universities.eu\/wp-content\/uploads\/2018\/11\/Pic-e1681378683744-1030x579.jpg\" data-srcset=\"https:\/\/alliance4universities.eu\/wp-content\/uploads\/2018\/11\/Pic-e1681378683744-1030x579.jpg 1030w, https:\/\/alliance4universities.eu\/wp-content\/uploads\/2018\/11\/Pic-e1681378683744-300x169.jpg 300w, https:\/\/alliance4universities.eu\/wp-content\/uploads\/2018\/11\/Pic-e1681378683744-768x432.jpg 768w, https:\/\/alliance4universities.eu\/wp-content\/uploads\/2018\/11\/Pic-e1681378683744-705x397.jpg 705w, https:\/\/alliance4universities.eu\/wp-content\/uploads\/2018\/11\/Pic-e1681378683744.jpg 1422w\" data-sizes=\"(max-width: 1030px) 100vw, 1030px\" data-rel='gallery-1' data-prev-img='https:\/\/alliance4universities.eu\/wp-content\/uploads\/2018\/11\/Pic-e1681378683744-495x400.jpg' class='first_thumb lightbox ' data-onclick='1' title='A4U Erasmus+'  itemprop=\"thumbnailUrl\"  ><img decoding=\"async\" fetchpriority=\"high\" class=\"wp-image-7617 avia-img-lazy-loading-not-7617\"  data-avia-tooltip='A4U Erasmus+' src=\"https:\/\/alliance4universities.eu\/wp-content\/uploads\/2018\/11\/Pic-e1681378683744-495x400.jpg\" width=\"495\" height=\"400\"  title='Pic' alt='' srcset=\"https:\/\/alliance4universities.eu\/wp-content\/uploads\/2018\/11\/Pic-e1681378683744-495x400.jpg 495w, https:\/\/alliance4universities.eu\/wp-content\/uploads\/2018\/11\/Pic-e1681378683744-845x684.jpg 845w\" sizes=\"(max-width: 495px) 100vw, 495px\" \/><div class='big-prev-fake'><img decoding=\"async\" loading=\"lazy\" class=\"wp-image-7617 avia-img-lazy-loading-7617\"  width=\"495\" height=\"400\" src=\"https:\/\/alliance4universities.eu\/wp-content\/uploads\/2018\/11\/Pic-e1681378683744-495x400.jpg\" title='Pic' alt='' srcset=\"https:\/\/alliance4universities.eu\/wp-content\/uploads\/2018\/11\/Pic-e1681378683744-495x400.jpg 495w, https:\/\/alliance4universities.eu\/wp-content\/uploads\/2018\/11\/Pic-e1681378683744-845x684.jpg 845w\" sizes=\"auto, (max-width: 495px) 100vw, 495px\" \/><\/div><\/a><\/div><\/div>\n","protected":false},"excerpt":{"rendered":"","protected":false},"author":3,"featured_media":0,"parent":0,"menu_order":0,"comment_status":"closed","ping_status":"closed","template":"","meta":{"footnotes":""},"class_list":["post-7619","page","type-page","status-publish","hentry"],"yoast_head":"<!-- This site is optimized with the Yoast SEO plugin v26.1.1 - https:\/\/yoast.com\/wordpress\/plugins\/seo\/ -->\n<title>Roberto Calles Ballesteros - Alliance4universities<\/title>\n<meta name=\"robots\" content=\"index, follow, max-snippet:-1, max-image-preview:large, max-video-preview:-1\" \/>\n<link rel=\"canonical\" href=\"https:\/\/alliance4universities.eu\/en\/roberto-calles-ballesteros\/\" \/>\n<meta property=\"og:locale\" content=\"en_US\" \/>\n<meta property=\"og:type\" content=\"article\" \/>\n<meta property=\"og:title\" content=\"Roberto Calles Ballesteros - Alliance4universities\" \/>\n<meta property=\"og:url\" content=\"https:\/\/alliance4universities.eu\/en\/roberto-calles-ballesteros\/\" \/>\n<meta property=\"og:site_name\" content=\"Alliance4universities\" \/>\n<meta name=\"twitter:card\" content=\"summary_large_image\" \/>\n<meta name=\"twitter:label1\" content=\"Est. reading time\" \/>\n\t<meta name=\"twitter:data1\" content=\"1 minute\" \/>\n<script type=\"application\/ld+json\" class=\"yoast-schema-graph\">{\"@context\":\"https:\/\/schema.org\",\"@graph\":[{\"@type\":\"WebPage\",\"@id\":\"https:\/\/alliance4universities.eu\/en\/roberto-calles-ballesteros\/\",\"url\":\"https:\/\/alliance4universities.eu\/en\/roberto-calles-ballesteros\/\",\"name\":\"Roberto Calles Ballesteros - Alliance4universities\",\"isPartOf\":{\"@id\":\"https:\/\/alliance4universities.eu\/#website\"},\"datePublished\":\"2018-11-07T17:23:42+00:00\",\"breadcrumb\":{\"@id\":\"https:\/\/alliance4universities.eu\/en\/roberto-calles-ballesteros\/#breadcrumb\"},\"inLanguage\":\"en-US\",\"potentialAction\":[{\"@type\":\"ReadAction\",\"target\":[\"https:\/\/alliance4universities.eu\/en\/roberto-calles-ballesteros\/\"]}]},{\"@type\":\"BreadcrumbList\",\"@id\":\"https:\/\/alliance4universities.eu\/en\/roberto-calles-ballesteros\/#breadcrumb\",\"itemListElement\":[{\"@type\":\"ListItem\",\"position\":1,\"name\":\"Portada\",\"item\":\"https:\/\/alliance4universities.eu\/en\/\"},{\"@type\":\"ListItem\",\"position\":2,\"name\":\"Roberto Calles Ballesteros\"}]},{\"@type\":\"WebSite\",\"@id\":\"https:\/\/alliance4universities.eu\/#website\",\"url\":\"https:\/\/alliance4universities.eu\/\",\"name\":\"Alliance4universities\",\"description\":\"Alianza 4 universidades\",\"potentialAction\":[{\"@type\":\"SearchAction\",\"target\":{\"@type\":\"EntryPoint\",\"urlTemplate\":\"https:\/\/alliance4universities.eu\/?s={search_term_string}\"},\"query-input\":{\"@type\":\"PropertyValueSpecification\",\"valueRequired\":true,\"valueName\":\"search_term_string\"}}],\"inLanguage\":\"en-US\"}]}<\/script>\n<!-- \/ Yoast SEO plugin. -->","yoast_head_json":{"title":"Roberto Calles Ballesteros - Alliance4universities","robots":{"index":"index","follow":"follow","max-snippet":"max-snippet:-1","max-image-preview":"max-image-preview:large","max-video-preview":"max-video-preview:-1"},"canonical":"https:\/\/alliance4universities.eu\/en\/roberto-calles-ballesteros\/","og_locale":"en_US","og_type":"article","og_title":"Roberto Calles Ballesteros - Alliance4universities","og_url":"https:\/\/alliance4universities.eu\/en\/roberto-calles-ballesteros\/","og_site_name":"Alliance4universities","twitter_card":"summary_large_image","twitter_misc":{"Est. reading time":"1 minute"},"schema":{"@context":"https:\/\/schema.org","@graph":[{"@type":"WebPage","@id":"https:\/\/alliance4universities.eu\/en\/roberto-calles-ballesteros\/","url":"https:\/\/alliance4universities.eu\/en\/roberto-calles-ballesteros\/","name":"Roberto Calles Ballesteros - Alliance4universities","isPartOf":{"@id":"https:\/\/alliance4universities.eu\/#website"},"datePublished":"2018-11-07T17:23:42+00:00","breadcrumb":{"@id":"https:\/\/alliance4universities.eu\/en\/roberto-calles-ballesteros\/#breadcrumb"},"inLanguage":"en-US","potentialAction":[{"@type":"ReadAction","target":["https:\/\/alliance4universities.eu\/en\/roberto-calles-ballesteros\/"]}]},{"@type":"BreadcrumbList","@id":"https:\/\/alliance4universities.eu\/en\/roberto-calles-ballesteros\/#breadcrumb","itemListElement":[{"@type":"ListItem","position":1,"name":"Portada","item":"https:\/\/alliance4universities.eu\/en\/"},{"@type":"ListItem","position":2,"name":"Roberto Calles Ballesteros"}]},{"@type":"WebSite","@id":"https:\/\/alliance4universities.eu\/#website","url":"https:\/\/alliance4universities.eu\/","name":"Alliance4universities","description":"Alianza 4 universidades","potentialAction":[{"@type":"SearchAction","target":{"@type":"EntryPoint","urlTemplate":"https:\/\/alliance4universities.eu\/?s={search_term_string}"},"query-input":{"@type":"PropertyValueSpecification","valueRequired":true,"valueName":"search_term_string"}}],"inLanguage":"en-US"}]}},"_links":{"self":[{"href":"https:\/\/alliance4universities.eu\/en\/wp-json\/wp\/v2\/pages\/7619","targetHints":{"allow":["GET"]}}],"collection":[{"href":"https:\/\/alliance4universities.eu\/en\/wp-json\/wp\/v2\/pages"}],"about":[{"href":"https:\/\/alliance4universities.eu\/en\/wp-json\/wp\/v2\/types\/page"}],"author":[{"embeddable":true,"href":"https:\/\/alliance4universities.eu\/en\/wp-json\/wp\/v2\/users\/3"}],"replies":[{"embeddable":true,"href":"https:\/\/alliance4universities.eu\/en\/wp-json\/wp\/v2\/comments?post=7619"}],"version-history":[{"count":0,"href":"https:\/\/alliance4universities.eu\/en\/wp-json\/wp\/v2\/pages\/7619\/revisions"}],"wp:attachment":[{"href":"https:\/\/alliance4universities.eu\/en\/wp-json\/wp\/v2\/media?parent=7619"}],"curies":[{"name":"wp","href":"https:\/\/api.w.org\/{rel}","templated":true}]}}