{"id":7728,"date":"2018-11-12T10:31:22","date_gmt":"2018-11-12T10:31:22","guid":{"rendered":"http:\/\/alliance4universities.eu\/juan-garcia-bellido-capdevila-2\/"},"modified":"2018-11-12T10:31:42","modified_gmt":"2018-11-12T10:31:42","slug":"juan-garcia-bellido-capdevila-2","status":"publish","type":"page","link":"https:\/\/alliance4universities.eu\/en\/juan-garcia-bellido-capdevila-2\/","title":{"rendered":"Juan Garc\u00eda-Bellido Capdevila"},"content":{"rendered":"<section  class='av_textblock_section av-av_textblock-35972167d9f102c5ddaec0c531c98b9e '   itemscope=\"itemscope\" itemtype=\"https:\/\/schema.org\/CreativeWork\" ><div class='avia_textblock'  itemprop=\"text\" ><p><strong>Juan Garc\u00eda-Bellido Capdevila<\/strong>, profesor de F\u00edsica Te\u00f3rica en la Universidad Aut\u00f3noma de Madrid, ha visitado el Centro de Astrof\u00edsica, Cosmolog\u00eda y Gravedad en la Universidad de la Ciudad de Cabo en 2016.<\/p>\n<p><em><b>\u201cAunque ambos grupos ya nos conoc\u00edamos de antes, la experiencia de compartir estudiantes de Master de estancia en la UAM y dar yo un curso en Cape Town fue enormemente enriquecedor, y ha fortalecido los nexos entre ambos grupos. De hecho desde entonces seguimos un proyecto conjunto de investigaci\u00f3n y docencia, con alumnos de Master que visitan la UAM cada a\u00f1o. <\/b><\/em><\/p>\n<p><em><b>Fue enriquecedor conocer a los estudiantes predoctorales e investigadores postdoctorales que trabajaban en la Universidad de Cape Town. De hecho, varios de ellos iniciaron proyectos de investigaci\u00f3n con nuestro grupo que siguen activos, y uno de ellos eligi\u00f3 la Universidad Aut\u00f3noma como destino postdoctoral en nuestro grupo. Gracias a la experiencia Erasmus+ he conocido c\u00f3mo se hace investigaci\u00f3n en Sud\u00e1frica. Mi intenci\u00f3n es seguir esta colaboraci\u00f3n durante muchos a\u00f1os\u201d.<\/b><\/em><\/p>\n<p>Pulsa <a href=\"https:\/\/www.youtube.com\/playlist?list=PLsKa0lc3oeOc7-x2n4YczrdrdubBDmhjb\" target=\"_blank\" rel=\"noopener\">aqu\u00ed<\/a> para consultar los v\u00eddeos de sus clases.<\/p>\n<\/div><\/section>\n\n<style type=\"text\/css\" data-created_by=\"avia_inline_auto\" id=\"style-css-av-av_gallery-9786d8cd6f96cfafbe0eaf938bdeb58f\">\n#top .avia-gallery.av-av_gallery-9786d8cd6f96cfafbe0eaf938bdeb58f .avia-gallery-thumb a{\nwidth:20%;\n}\n<\/style>\n<div  class='avia-gallery av-av_gallery-9786d8cd6f96cfafbe0eaf938bdeb58f avia_animate_when_visible  avia-builder-el-1  el_after_av_textblock  avia-builder-el-last  avia_lazyload avia-gallery-animate avia-gallery-1'  itemprop=\"image\" itemscope=\"itemscope\" itemtype=\"https:\/\/schema.org\/ImageObject\" ><meta itemprop=\"contentURL\" content=\"https:\/\/alliance4universities.eu\/en\/juan-garcia-bellido-capdevila-2\/\"><div class='avia-gallery-thumb'><a href=\"https:\/\/alliance4universities.eu\/wp-content\/uploads\/2018\/11\/Portrait.png\" data-rel='gallery-1' data-prev-img='https:\/\/alliance4universities.eu\/wp-content\/uploads\/2018\/11\/Portrait.png' class='first_thumb lightbox ' data-onclick='1' title='Juan Garc\u00eda-Bellido Capdevila Erasmus Alianza 4 Universidades'  itemprop=\"thumbnailUrl\"  ><img decoding=\"async\" fetchpriority=\"high\" class=\"wp-image-7706 avia-img-lazy-loading-not-7706\"  data-avia-tooltip='Juan Garc\u00eda-Bellido Capdevila Erasmus Alianza 4 Universidades' src=\"https:\/\/alliance4universities.eu\/wp-content\/uploads\/2018\/11\/Portrait.png\" width=\"300\" height=\"218\"  title='Portrait' alt='' \/><div class='big-prev-fake'><img decoding=\"async\" loading=\"lazy\" class=\"wp-image-7706 avia-img-lazy-loading-7706\"  width=\"300\" height=\"218\" src=\"https:\/\/alliance4universities.eu\/wp-content\/uploads\/2018\/11\/Portrait.png\" title='Portrait' alt='' \/><\/div><\/a><\/div><\/div>\n","protected":false},"excerpt":{"rendered":"","protected":false},"author":3,"featured_media":0,"parent":0,"menu_order":0,"comment_status":"closed","ping_status":"closed","template":"","meta":{"footnotes":""},"class_list":["post-7728","page","type-page","status-publish","hentry"],"yoast_head":"<!-- This site is optimized with the Yoast SEO plugin v26.1.1 - https:\/\/yoast.com\/wordpress\/plugins\/seo\/ -->\n<title>Juan Garc\u00eda-Bellido Capdevila - Alliance4universities<\/title>\n<meta name=\"robots\" content=\"index, follow, max-snippet:-1, max-image-preview:large, max-video-preview:-1\" \/>\n<link rel=\"canonical\" href=\"https:\/\/alliance4universities.eu\/en\/juan-garcia-bellido-capdevila-2\/\" \/>\n<meta property=\"og:locale\" content=\"en_US\" \/>\n<meta property=\"og:type\" content=\"article\" \/>\n<meta property=\"og:title\" content=\"Juan Garc\u00eda-Bellido Capdevila - Alliance4universities\" \/>\n<meta property=\"og:url\" content=\"https:\/\/alliance4universities.eu\/en\/juan-garcia-bellido-capdevila-2\/\" \/>\n<meta property=\"og:site_name\" content=\"Alliance4universities\" \/>\n<meta property=\"article:modified_time\" content=\"2018-11-12T10:31:42+00:00\" \/>\n<meta name=\"twitter:card\" content=\"summary_large_image\" \/>\n<meta name=\"twitter:label1\" content=\"Est. reading time\" \/>\n\t<meta name=\"twitter:data1\" content=\"1 minute\" \/>\n<script type=\"application\/ld+json\" class=\"yoast-schema-graph\">{\"@context\":\"https:\/\/schema.org\",\"@graph\":[{\"@type\":\"WebPage\",\"@id\":\"https:\/\/alliance4universities.eu\/en\/juan-garcia-bellido-capdevila-2\/\",\"url\":\"https:\/\/alliance4universities.eu\/en\/juan-garcia-bellido-capdevila-2\/\",\"name\":\"Juan Garc\u00eda-Bellido Capdevila - Alliance4universities\",\"isPartOf\":{\"@id\":\"https:\/\/alliance4universities.eu\/#website\"},\"datePublished\":\"2018-11-12T10:31:22+00:00\",\"dateModified\":\"2018-11-12T10:31:42+00:00\",\"breadcrumb\":{\"@id\":\"https:\/\/alliance4universities.eu\/en\/juan-garcia-bellido-capdevila-2\/#breadcrumb\"},\"inLanguage\":\"en-US\",\"potentialAction\":[{\"@type\":\"ReadAction\",\"target\":[\"https:\/\/alliance4universities.eu\/en\/juan-garcia-bellido-capdevila-2\/\"]}]},{\"@type\":\"BreadcrumbList\",\"@id\":\"https:\/\/alliance4universities.eu\/en\/juan-garcia-bellido-capdevila-2\/#breadcrumb\",\"itemListElement\":[{\"@type\":\"ListItem\",\"position\":1,\"name\":\"Portada\",\"item\":\"https:\/\/alliance4universities.eu\/en\/\"},{\"@type\":\"ListItem\",\"position\":2,\"name\":\"Juan Garc\u00eda-Bellido Capdevila\"}]},{\"@type\":\"WebSite\",\"@id\":\"https:\/\/alliance4universities.eu\/#website\",\"url\":\"https:\/\/alliance4universities.eu\/\",\"name\":\"Alliance4universities\",\"description\":\"Alianza 4 universidades\",\"potentialAction\":[{\"@type\":\"SearchAction\",\"target\":{\"@type\":\"EntryPoint\",\"urlTemplate\":\"https:\/\/alliance4universities.eu\/?s={search_term_string}\"},\"query-input\":{\"@type\":\"PropertyValueSpecification\",\"valueRequired\":true,\"valueName\":\"search_term_string\"}}],\"inLanguage\":\"en-US\"}]}<\/script>\n<!-- \/ Yoast SEO plugin. -->","yoast_head_json":{"title":"Juan Garc\u00eda-Bellido Capdevila - Alliance4universities","robots":{"index":"index","follow":"follow","max-snippet":"max-snippet:-1","max-image-preview":"max-image-preview:large","max-video-preview":"max-video-preview:-1"},"canonical":"https:\/\/alliance4universities.eu\/en\/juan-garcia-bellido-capdevila-2\/","og_locale":"en_US","og_type":"article","og_title":"Juan Garc\u00eda-Bellido Capdevila - Alliance4universities","og_url":"https:\/\/alliance4universities.eu\/en\/juan-garcia-bellido-capdevila-2\/","og_site_name":"Alliance4universities","article_modified_time":"2018-11-12T10:31:42+00:00","twitter_card":"summary_large_image","twitter_misc":{"Est. reading time":"1 minute"},"schema":{"@context":"https:\/\/schema.org","@graph":[{"@type":"WebPage","@id":"https:\/\/alliance4universities.eu\/en\/juan-garcia-bellido-capdevila-2\/","url":"https:\/\/alliance4universities.eu\/en\/juan-garcia-bellido-capdevila-2\/","name":"Juan Garc\u00eda-Bellido Capdevila - Alliance4universities","isPartOf":{"@id":"https:\/\/alliance4universities.eu\/#website"},"datePublished":"2018-11-12T10:31:22+00:00","dateModified":"2018-11-12T10:31:42+00:00","breadcrumb":{"@id":"https:\/\/alliance4universities.eu\/en\/juan-garcia-bellido-capdevila-2\/#breadcrumb"},"inLanguage":"en-US","potentialAction":[{"@type":"ReadAction","target":["https:\/\/alliance4universities.eu\/en\/juan-garcia-bellido-capdevila-2\/"]}]},{"@type":"BreadcrumbList","@id":"https:\/\/alliance4universities.eu\/en\/juan-garcia-bellido-capdevila-2\/#breadcrumb","itemListElement":[{"@type":"ListItem","position":1,"name":"Portada","item":"https:\/\/alliance4universities.eu\/en\/"},{"@type":"ListItem","position":2,"name":"Juan Garc\u00eda-Bellido Capdevila"}]},{"@type":"WebSite","@id":"https:\/\/alliance4universities.eu\/#website","url":"https:\/\/alliance4universities.eu\/","name":"Alliance4universities","description":"Alianza 4 universidades","potentialAction":[{"@type":"SearchAction","target":{"@type":"EntryPoint","urlTemplate":"https:\/\/alliance4universities.eu\/?s={search_term_string}"},"query-input":{"@type":"PropertyValueSpecification","valueRequired":true,"valueName":"search_term_string"}}],"inLanguage":"en-US"}]}},"_links":{"self":[{"href":"https:\/\/alliance4universities.eu\/en\/wp-json\/wp\/v2\/pages\/7728","targetHints":{"allow":["GET"]}}],"collection":[{"href":"https:\/\/alliance4universities.eu\/en\/wp-json\/wp\/v2\/pages"}],"about":[{"href":"https:\/\/alliance4universities.eu\/en\/wp-json\/wp\/v2\/types\/page"}],"author":[{"embeddable":true,"href":"https:\/\/alliance4universities.eu\/en\/wp-json\/wp\/v2\/users\/3"}],"replies":[{"embeddable":true,"href":"https:\/\/alliance4universities.eu\/en\/wp-json\/wp\/v2\/comments?post=7728"}],"version-history":[{"count":1,"href":"https:\/\/alliance4universities.eu\/en\/wp-json\/wp\/v2\/pages\/7728\/revisions"}],"predecessor-version":[{"id":7729,"href":"https:\/\/alliance4universities.eu\/en\/wp-json\/wp\/v2\/pages\/7728\/revisions\/7729"}],"wp:attachment":[{"href":"https:\/\/alliance4universities.eu\/en\/wp-json\/wp\/v2\/media?parent=7728"}],"curies":[{"name":"wp","href":"https:\/\/api.w.org\/{rel}","templated":true}]}}